{"id":884,"date":"2015-05-12T09:03:24","date_gmt":"2015-05-12T09:03:24","guid":{"rendered":"http:\/\/gsacra.uni-goettingen.de\/?page_id=884"},"modified":"2015-07-17T13:21:09","modified_gmt":"2015-07-17T13:21:09","slug":"dietrich-i-von-kothe-13479-1365","status":"publish","type":"page","link":"https:\/\/gsacra.uni-goettingen.de\/?page_id=884","title":{"rendered":"Dietrich I. (von) \u2020 Kothe. 1347\/9-1365"},"content":{"rendered":"<p>Zuvor Domherr von Brandenburg und Pfarrer an St. Godehard in der Altstadt s. S. 132; die Familie ist als ritterm\u00e4\u00dfig anzusprechen (in einer Urkunde von 1374 erscheint ein Gerhard Kothe als \u201evir validus\u201c und bisch\u00f6flicher Vasall (A VIII 306 Nr. 300 s. a. Bau- u. Kunstdenkm. der Kreise Jerichow 260 f.). Der Anfang des Pontifikats l\u00e4\u00dft sich nicht genau festlegen, Wahl und Weihe ist vor 1349 Okt. 6 erfolgt (A 264 Nr. 241). 1363 Mai 30 publiziert er auf einer Synode in Ziesar das Statut: De decima et tricesima parroch. sacerdotum et laicorum et de oblationibus parrochi (A VIII 284, s. a. Sammelbuch des Domherrn Heinrich Gotzke, Rose, Lat. Hss. II 2 Nr. 831). D. hat 1363 an der Weihe des Domes in Magdeburg teilgenommen (Gesta archiepp. Magd. MGH. SS. XIV 439). \u2020 1365 zwischen Jan. 11 (A X 127 Nr. 16) und Anfang August. Sein Nachfolger verlegte die Anniversarie auf den 28. Mai (A VIII 307 Nr. 301). Die Ansetzung dieses Datums als Todestag des Bischofs wird von K\u00f6hler, Dietrich v. d. Schulenburg (Hall. Diss. 1911) 14, mit guten Gr\u00fcnden als unzul\u00e4ssig erwiesen.<br \/>\nSiegel: 1. Hauptsiegel, rund, im Siegelfelde der Bischof sitzend, die Rechte erhoben, in der Linken Krummstab. Umschrift: S\u2018 THIDERICI \u2022DEI \u2022 GRA \u2022 EPI-ECCE \u2022 BRANDEBVRGES (Abb. bei Vo\u00dfberg, Siegel d. Mark Brand. II B 3 Nr. 5).<br \/>\n2. Sekretsiegel, rund im Siegelfelde rechts Petrus, links Paulus. Umschrift: \u2020 SECRETV \u2022 THIDERICI \u2022 EPI \u2022ECCE \u2022 BRANDEBVRGES ( H. St. A. Dresden, Urk. Nr. 3433).<\/p>\n<p>In: <a href=\"http:\/\/personendatenbank.germania-sacra.de\/books\/view\/1\/56\">Abb, Gustav \/Wentz, Gottfried, Das Bistum Brandenburg 1 (Germania Sacra A. F. Abt. 1), Berlin 1929, S. 40<\/a>.<\/p>\n<p>Detailinformationen im Digitalen Personenregister der Germania Sacra: \u201eDietrich I. von Kothe\u201c (GSN: 002-02109-001), in: Germania Sacra, <a href=\"http:\/\/personendatenbank.germania-sacra.de\/index\/gsn\/002-02109-001\" target=\"_blank\">http:\/\/personendatenbank.germania-sacra.de\/index\/gsn\/002-02109-001<\/a> (Abgerufen: 05.05.2015).<\/p>\n<p><em>Beziehungen zu anderen Personen:<\/em><\/p>\n<ul>\n<li>Dietrich II. von der Schulenburg (Bischof von Brandenburg) (GND:\u00a0<a href=\"http:\/\/d-nb.info\/gnd\/137849494\" target=\"_blank\">http:\/\/d-nb.info\/gnd\/137849494<\/a>)\u00a0 (Germania Sacra, <a href=\"http:\/\/personendatenbank.germania-sacra.de\/index\/gsn\/002-03626-003\" target=\"_blank\">http:\/\/personendatenbank.germania-sacra.de\/index\/gsn\/002-03626-003<\/a>)<\/li>\n<\/ul>\n<div class='kindleWidget kindleLight' ><img decoding=\"async\" src=\"https:\/\/gsacra.uni-goettingen.de\/wordpress-4.1-de_DE\/wordpress\/wp-content\/plugins\/send-to-kindle\/media\/white-15.png\" \/><span>Send to Kindle<\/span><\/div>","protected":false},"excerpt":{"rendered":"<p>Zuvor Domherr von Brandenburg und Pfarrer an St. Godehard in der Altstadt s. S. 132; die Familie ist als ritterm\u00e4\u00dfig anzusprechen (in einer Urkunde von 1374 erscheint ein Gerhard Kothe als \u201evir validus\u201c und bisch\u00f6flicher Vasall (A VIII 306 Nr. &hellip; <a href=\"https:\/\/gsacra.uni-goettingen.de\/?page_id=884\">Weiterlesen <span class=\"meta-nav\">&rarr;<\/span><\/a><\/p>\n","protected":false},"author":28,"featured_media":0,"parent":1730,"menu_order":39,"comment_status":"closed","ping_status":"closed","template":"","meta":{"footnotes":""},"tags":[8,38,670,696,510,692],"class_list":["post-884","page","type-page","status-publish","hentry","tag-bischof","tag-brandenburg","tag-domherr-brandenburg","tag-krummstab","tag-synode","tag-ziesar"],"_links":{"self":[{"href":"https:\/\/gsacra.uni-goettingen.de\/index.php?rest_route=\/wp\/v2\/pages\/884","targetHints":{"allow":["GET"]}}],"collection":[{"href":"https:\/\/gsacra.uni-goettingen.de\/index.php?rest_route=\/wp\/v2\/pages"}],"about":[{"href":"https:\/\/gsacra.uni-goettingen.de\/index.php?rest_route=\/wp\/v2\/types\/page"}],"author":[{"embeddable":true,"href":"https:\/\/gsacra.uni-goettingen.de\/index.php?rest_route=\/wp\/v2\/users\/28"}],"replies":[{"embeddable":true,"href":"https:\/\/gsacra.uni-goettingen.de\/index.php?rest_route=%2Fwp%2Fv2%2Fcomments&post=884"}],"version-history":[{"count":8,"href":"https:\/\/gsacra.uni-goettingen.de\/index.php?rest_route=\/wp\/v2\/pages\/884\/revisions"}],"predecessor-version":[{"id":1838,"href":"https:\/\/gsacra.uni-goettingen.de\/index.php?rest_route=\/wp\/v2\/pages\/884\/revisions\/1838"}],"up":[{"embeddable":true,"href":"https:\/\/gsacra.uni-goettingen.de\/index.php?rest_route=\/wp\/v2\/pages\/1730"}],"wp:attachment":[{"href":"https:\/\/gsacra.uni-goettingen.de\/index.php?rest_route=%2Fwp%2Fv2%2Fmedia&parent=884"}],"wp:term":[{"taxonomy":"post_tag","embeddable":true,"href":"https:\/\/gsacra.uni-goettingen.de\/index.php?rest_route=%2Fwp%2Fv2%2Ftags&post=884"}],"curies":[{"name":"wp","href":"https:\/\/api.w.org\/{rel}","templated":true}]}}