{"id":850,"date":"2015-05-04T21:41:03","date_gmt":"2015-05-04T21:41:03","guid":{"rendered":"http:\/\/gsacra.uni-goettingen.de\/?page_id=850"},"modified":"2015-07-14T14:07:57","modified_gmt":"2015-07-14T14:07:57","slug":"henning-von-bredow-1406-1414","status":"publish","type":"page","link":"https:\/\/gsacra.uni-goettingen.de\/?page_id=850","title":{"rendered":"Henning von Bredow. 1406\u20131414"},"content":{"rendered":"<p class=\"literaturkapitelanfang-western\">Geschichte des Geschlechtes von Bredow (Halle 1872) III 14-20.<\/p>\n<p class=\"western\">Vor seiner Erhebung zum Bischof Domherr und Dompropst von Brandenburg s. S. 117. Seine Wahl wird Ende 1406 erfolgt sein, 1407 Jan. 14 erteilt Gregor XII. dem Elekten H. die Erlaubnis, von beliebigem catholicus. antistes das munus consecracionis zu empfangen (Repert. Germ. Regg. Lat. 128 f. 229). Apr. 30 desselben Jahres verpflichtet sich H. als Elekt zur Zahlung von 600 fl. communia und 5 fl. minuta servicia an apostolische Kammer und Kardinalskolleg (Repert. Germ. Obi. Vat. 57 f. 121). Synodal\u00ad statuten von 1407 Trinitatis, Mai 22: De spoliatoribus bona clericorum im Anh. zum Breviarium diocesis Brand. des M\u00e4rk. Provinzialmuseums. Ferner hat er ein Statut gegen die anst\u00f6\u00dfige Lebensf\u00fchrung der Qeistlichen erlassen (A VIII 387). Am 24. Aug. ist er, als er nach erfolgter Koronation von Brandenburg nach Ziesar ritt, von Magdeburgischen Stiftsvasallen \u00fcberfallen und auf das Schlo\u00df Milow geschleppt worden, von wo er erst am 23. April 1408 durch Zahlung eines L\u00f6segeldes freikam (Wattenbach in Sitz.-Ber. d. Berl. Akademie [1882] 600 f., das Datum des 4. Dez. als Tages der Gefangennahme in Gesta archiepp. Magd. MGH. SS. XIV 456 scheint irrig).<\/p>\n<p class=\"western\">Die wirren Zust\u00e4nde in der Mark veranla\u00dften den Bischof, sich der Quitzowschen Partei anzuschlie\u00dfen, mit deren Unterst\u00fctzung er noch im Herbst des Jahres einen Rachezug gegen die Magdeburger unternahm und ihnen am 27. Okt. bei Glienecke in der N\u00e4he von Ziesar ein siegreiches Ge\u00ad fecht lieferte. H. verlie\u00df die Quitzowsche Partei sogleich nach dem Ein\u00ad zug des Burggrafen von N\u00fcrnberg in die Mark, dem er am 10. Juli 1412 in Brandenburg huldigte. 1410 Juni 16 hat H. unter F\u00fchrung Erzbischof G\u00fcnthers von Magdeburg sich mit mehreren norddeutschen Bisch\u00f6fen gegen die Anspr\u00fcche der r\u00f6mischen Kurie verb\u00fcndet (UB. d. Hochst. Halberstadt IV 529 Nr. 3279).<\/p>\n<p class=\"western\">H. wird zum letztenmal erw\u00e4hnt 1414 Apr. 30 (Kindscher, Urk.\u00ad Samml. z. Gesch. v. Anhalt 148).<\/p>\n<p class=\"western\">In:\u00a0<a href=\"http:\/\/personendatenbank.germania-sacra.de\/books\/findpage\/AFI,1929\/42-43\" target=\"_blank\">Abb, Gustav \/Wentz, Gottfried, Das Bistum Brandenburg 1 (Germania Sacra A. F. Abt. 1), Berlin 1929, S. 42-43<\/a><\/p>\n<hr \/>\n<p class=\"western\">Detailinformationen im Digitalen Personenregister der Germania Sacra: \u201eHenning von Bredow\u201c (GSN: 059-01172-001), in: Germania Sacra,\u00a0<a href=\"http:\/\/personendatenbank.germania-sacra.de\/index\/gsn\/002-00474-003\">http:\/\/personendatenbank.germania-sacra.de\/index\/gsn\/002-00474-003<\/a>\u00a0(Abgerufen: 04.05.2015)<\/p>\n<hr \/>\n<p class=\"western\"><em>Beziehungen zu anderen Personen:\u00a0<\/em><\/p>\n<ul>\n<li class=\"western\">Gregor XII. (Papst) (GND:\u00a0<a href=\"http:\/\/d-nb.info\/gnd\/118541889\" target=\"_blank\">http:\/\/d-nb.info\/gnd\/118541889<\/a>)<\/li>\n<li class=\"western\">G\u00fcnther von Magdeburg (GND:\u00a0<a href=\"http:\/\/d-nb.info\/gnd\/136159141\" target=\"_blank\">http:\/\/d-nb.info\/gnd\/136159141<\/a>)<\/li>\n<\/ul>\n<div class='kindleWidget kindleLight' ><img decoding=\"async\" src=\"https:\/\/gsacra.uni-goettingen.de\/wordpress-4.1-de_DE\/wordpress\/wp-content\/plugins\/send-to-kindle\/media\/white-15.png\" \/><span>Send to Kindle<\/span><\/div>","protected":false},"excerpt":{"rendered":"<p>Geschichte des Geschlechtes von Bredow (Halle 1872) III 14-20. Vor seiner Erhebung zum Bischof Domherr und Dompropst von Brandenburg s. S. 117. Seine Wahl wird Ende 1406 erfolgt sein, 1407 Jan. 14 erteilt Gregor XII. dem Elekten H. die Erlaubnis, &hellip; <a href=\"https:\/\/gsacra.uni-goettingen.de\/?page_id=850\">Weiterlesen <span class=\"meta-nav\">&rarr;<\/span><\/a><\/p>\n","protected":false},"author":14,"featured_media":0,"parent":1730,"menu_order":42,"comment_status":"closed","ping_status":"closed","template":"","meta":{"footnotes":""},"tags":[38,196,160,692],"class_list":["post-850","page","type-page","status-publish","hentry","tag-brandenburg","tag-domherr","tag-dompropst","tag-ziesar"],"_links":{"self":[{"href":"https:\/\/gsacra.uni-goettingen.de\/index.php?rest_route=\/wp\/v2\/pages\/850","targetHints":{"allow":["GET"]}}],"collection":[{"href":"https:\/\/gsacra.uni-goettingen.de\/index.php?rest_route=\/wp\/v2\/pages"}],"about":[{"href":"https:\/\/gsacra.uni-goettingen.de\/index.php?rest_route=\/wp\/v2\/types\/page"}],"author":[{"embeddable":true,"href":"https:\/\/gsacra.uni-goettingen.de\/index.php?rest_route=\/wp\/v2\/users\/14"}],"replies":[{"embeddable":true,"href":"https:\/\/gsacra.uni-goettingen.de\/index.php?rest_route=%2Fwp%2Fv2%2Fcomments&post=850"}],"version-history":[{"count":12,"href":"https:\/\/gsacra.uni-goettingen.de\/index.php?rest_route=\/wp\/v2\/pages\/850\/revisions"}],"predecessor-version":[{"id":2092,"href":"https:\/\/gsacra.uni-goettingen.de\/index.php?rest_route=\/wp\/v2\/pages\/850\/revisions\/2092"}],"up":[{"embeddable":true,"href":"https:\/\/gsacra.uni-goettingen.de\/index.php?rest_route=\/wp\/v2\/pages\/1730"}],"wp:attachment":[{"href":"https:\/\/gsacra.uni-goettingen.de\/index.php?rest_route=%2Fwp%2Fv2%2Fmedia&parent=850"}],"wp:term":[{"taxonomy":"post_tag","embeddable":true,"href":"https:\/\/gsacra.uni-goettingen.de\/index.php?rest_route=%2Fwp%2Fv2%2Ftags&post=850"}],"curies":[{"name":"wp","href":"https:\/\/api.w.org\/{rel}","templated":true}]}}