{"id":836,"date":"2015-05-04T21:32:34","date_gmt":"2015-05-04T21:32:34","guid":{"rendered":"http:\/\/gsacra.uni-goettingen.de\/?page_id=836"},"modified":"2015-07-14T12:38:55","modified_gmt":"2015-07-14T12:38:55","slug":"gernand-1222-1241","status":"publish","type":"page","link":"https:\/\/gsacra.uni-goettingen.de\/?page_id=836","title":{"rendered":"Gernand. 1222-1241"},"content":{"rendered":"<ul>\n<li class=\"literaturkapitelanfang-western\">Krabbo, H., Die brandenburgische Bischofswahl im Jahre 1221 (Forsch. z. br. u. pr. Gesch. XVII 1-20, dazu im selben Bande Sitz.-Ber. S. 105).<\/li>\n<li class=\"literaturkapitelanfang-western\">Krabbo, H., Gernand vor seiner Ernennung zum Bischof von Brandenburg (1222) (Jb. f. Brand. K. G. II\/III 1-9).<\/li>\n<\/ul>\n<p class=\"western\">1200 Mai 25 ist der mag. G. als Abgesandter des gebannten Erzbischofs Ludolf von Magdeburg in Rom (Potth. 2517). Febr. 25 des folgenden Jahres als Stiftsherr von St. Nikolaus in Magdeburg Abgesandter seines ehemaligen Sch\u00fclers (MGH. SS. XXV 485), des Magdeburger Elekten Albrecht, in Rom (UB d. Kl. U. L. Frauen 81 Nr. 84); Juni 23 vom Papst nach Magdeburg zur\u00fcckgesandt (Potth. 2825). Nach 1207 Mz. 10 erh\u00e4lt G. auf Grund eines p\u00e4pstlichen Mandats an Erzbischof und Domkapitel ein Kanonikat im Magdeburger Domkapitel (Potth. 3039, 3040, 3041; Regg. archiepp. Magd. II 124 Nr. 296), 1211 Apr. 27 ist er Archidiakon der Magdeburger Kirche (Regg. archiepp. Magd. II 171 Nr. 388), erh\u00e4lt bald darauf propter morum et scientiae elegantiam das Dekanat des Domstifts (MGH. SS. XXV 485), als Dekan belegt 1212 Mz. 21 bis 1221 Nov. 9 (Regg. archiepp. Magd. II 183 Nr. 410, 299 Nr. 645). Ende Sept. bricht Erzbischof Albrecht in Begleitung G.s nach Italien auf, wo 1222 Mai 17 oder kurz zuvor in Alatri die Ernennung Gs. zum Bischof von Brandenburg erfolgt, nachdem der Papst kraft Devolutionsrechts die zwiesp\u00e4ltigen Wahlen Wichmanns von Arnstein und Ludolfs von Schwanebeck kassiert hat. Die Weihe erfolgt in Alatri durch Erzbischof Albrecht (MGH. SS. XIV 420) 1222 Mai 29. Im Fr\u00fchjahr 1224 kehrt G. aus Italien zur\u00fcck und \u00fcbernimmt seine Di\u00f6zese (vgl. Forsch. z. br. u. pr. Gesch. XVII 16-18).<\/p>\n<p class=\"western\">1225 Okt. 1 wird er von dem p\u00e4pstlichen Legaten Konrad zum Visitator des Klosters auf dem Lauterberge bestellt (Chron. Montis sereni MGH. SS. XXIII 223). G.s bedeutendstes Werk w\u00e4hrend seines Pontifikates war die Beilegung des Zehntenstreites mit den Markgrafen durch den beide Teile befriedigenden Vergleich vom 28. Okt. 1237 (dar\u00fcber vgl. Sello in Forsch. z. br. u. pr. Gesch. V 545-548, Curschmann, Di\u00f6z. Brand. 337-343). Nach Bothonis Chron. (Leibniz, SS. rer. Brunsvic. III 364) soll er 1239 von dem Bischof von Havelberg gefangen genommen sein. \u00dcber dieses Ereignis ist nichts N\u00e4heres bekannt geworden. G. starb nach der Brand. Bischofschronik 1241 Dez. 14 (MGH. SS. XXV 485 f.). Die Chronik sagt von ihm: \u201eFuit enim homo mundus, dulcis, affabilis, studiosus et disciplinatus, adeo ut et ipsi filii nobilium mitterentur ad eum disciplina et moribus imbuedi. Cotidie pauperes et scolares ad mensam coram se posuit comedentes 66 (ebd.).<\/p>\n<p class=\"western\">Siegel: spitzoval, im Siegelfelde der stehende Bischof, in der Rechten einen Kreuzstab\u00a0in der Linken den Krummstab. Umschrift:\u00a0\u2020 GERNANDVS DEI GRA BRANDEBVRGEN EPC (Abb. in Kunstdenkm. II 3 Taf. III Nr. 1).<\/p>\n<p class=\"western\">In:\u00a0<a href=\"http:\/\/personendatenbank.germania-sacra.de\/books\/findpage\/AFI,1929\/30-31\" target=\"_blank\">Abb, Gustav \/Wentz, Gottfried, Das Bistum Brandenburg 1 (Germania Sacra A. F. Abt. 1), Berlin 1929, S. 30-31<\/a><\/p>\n<hr \/>\n<p class=\"western\">Detailinformationen im Digitalen Personenregister der Germania Sacra: \u201eGernand\u201c (GSN: 059-01172-001), in: Germania Sacra,<a href=\"http:\/\/personendatenbank.germania-sacra.de\/index\/person\/291417\">http:\/\/personendatenbank.germania-sacra.de\/index\/person\/291417<\/a>\u00a0(Abgerufen:04.05.2015)<\/p>\n<hr \/>\n<p class=\"western\"><em>Beziehungen zu anderen Personen:<\/em><\/p>\n<ul>\n<li class=\"western\">Ludolf von Magdeburg (Erzbischof) (GND:\u00a0<a href=\"http:\/\/d-nb.info\/gnd\/13795462X\" target=\"_blank\">http:\/\/d-nb.info\/gnd\/13795462X<\/a>)<\/li>\n<li class=\"western\">Albrecht von Brandenburg (Erzbischof) (GND:\u00a0<a href=\"http:\/\/d-nb.info\/gnd\/118647733\" target=\"_blank\">http:\/\/d-nb.info\/gnd\/118647733<\/a>)<\/li>\n<li class=\"western\">Konrad (p\u00e4pstlicher Legat)<\/li>\n<\/ul>\n<div class='kindleWidget kindleLight' ><img decoding=\"async\" src=\"https:\/\/gsacra.uni-goettingen.de\/wordpress-4.1-de_DE\/wordpress\/wp-content\/plugins\/send-to-kindle\/media\/white-15.png\" \/><span>Send to Kindle<\/span><\/div>","protected":false},"excerpt":{"rendered":"<p>Krabbo, H., Die brandenburgische Bischofswahl im Jahre 1221 (Forsch. z. br. u. pr. Gesch. XVII 1-20, dazu im selben Bande Sitz.-Ber. S. 105). Krabbo, H., Gernand vor seiner Ernennung zum Bischof von Brandenburg (1222) (Jb. f. Brand. K. G. II\/III &hellip; <a href=\"https:\/\/gsacra.uni-goettingen.de\/?page_id=836\">Weiterlesen <span class=\"meta-nav\">&rarr;<\/span><\/a><\/p>\n","protected":false},"author":14,"featured_media":0,"parent":1730,"menu_order":24,"comment_status":"closed","ping_status":"closed","template":"","meta":{"footnotes":""},"tags":[8,726,38,410,716,728,696,404,206,128,272],"class_list":["post-836","page","type-page","status-publish","hentry","tag-bischof","tag-bischof-havelberg","tag-brandenburg","tag-dekan","tag-erzbischof-magdeburg","tag-kloster-auf-dem-lauterberge","tag-krummstab","tag-magdeburg","tag-markgraf","tag-rom","tag-stiftsherr"],"_links":{"self":[{"href":"https:\/\/gsacra.uni-goettingen.de\/index.php?rest_route=\/wp\/v2\/pages\/836","targetHints":{"allow":["GET"]}}],"collection":[{"href":"https:\/\/gsacra.uni-goettingen.de\/index.php?rest_route=\/wp\/v2\/pages"}],"about":[{"href":"https:\/\/gsacra.uni-goettingen.de\/index.php?rest_route=\/wp\/v2\/types\/page"}],"author":[{"embeddable":true,"href":"https:\/\/gsacra.uni-goettingen.de\/index.php?rest_route=\/wp\/v2\/users\/14"}],"replies":[{"embeddable":true,"href":"https:\/\/gsacra.uni-goettingen.de\/index.php?rest_route=%2Fwp%2Fv2%2Fcomments&post=836"}],"version-history":[{"count":14,"href":"https:\/\/gsacra.uni-goettingen.de\/index.php?rest_route=\/wp\/v2\/pages\/836\/revisions"}],"predecessor-version":[{"id":2076,"href":"https:\/\/gsacra.uni-goettingen.de\/index.php?rest_route=\/wp\/v2\/pages\/836\/revisions\/2076"}],"up":[{"embeddable":true,"href":"https:\/\/gsacra.uni-goettingen.de\/index.php?rest_route=\/wp\/v2\/pages\/1730"}],"wp:attachment":[{"href":"https:\/\/gsacra.uni-goettingen.de\/index.php?rest_route=%2Fwp%2Fv2%2Fmedia&parent=836"}],"wp:term":[{"taxonomy":"post_tag","embeddable":true,"href":"https:\/\/gsacra.uni-goettingen.de\/index.php?rest_route=%2Fwp%2Fv2%2Ftags&post=836"}],"curies":[{"name":"wp","href":"https:\/\/api.w.org\/{rel}","templated":true}]}}