{"id":642,"date":"2015-05-12T09:38:41","date_gmt":"2015-05-12T09:38:41","guid":{"rendered":"http:\/\/gsacra.uni-goettingen.de\/?page_id=642"},"modified":"2015-07-15T13:55:06","modified_gmt":"2015-07-15T13:55:06","slug":"volrad-von-%e2%80%a0-krempa-crempa-1296-1302","status":"publish","type":"page","link":"https:\/\/gsacra.uni-goettingen.de\/?page_id=642","title":{"rendered":"Volrad von Krempa (Crempa). 1296-1302"},"content":{"rendered":"<p><iframe loading=\"lazy\" src=\"https:\/\/lukasrosenberg.cartodb.com\/viz\/074232cc-198a-11e5-a5b2-0e43f3deba5a\/embed_map\" width=\"100%\" height=\"520\" frameborder=\"0\" allowfullscreen=\"allowfullscreen\"><\/iframe><\/p>\n<p>Geb\u00fcrtig aus holsteinischem Adel (Krempa bei Gl\u00fcckstadt im F\u00fcrstentum L\u00fcbeck); erscheint 1273 Okt. 27 als Domherr von L\u00fcbeck (Meckl. UB. Register), 1276 Apr. 13-0kt. 1 als Domdekan dortselbst (UB. d. Bist. L\u00fcbeck I 238, 246), 1280 Aug. 17-1284 Jan. 25 als Domherr von Schwerin (Meckl. UB. II \u201a638 Nr. 1547, III 115 Nr. 1716), als Propst von B\u00fctzow 1280 Aug. 17 (ebd. II 638 Nr. 1547), als Dompropst von Schwerin 1284 Nov. 26-1292 Sept. 5 (ebd. III 149 Nr. 1759, 472 Nr. 2183), als Archidiakon [Seite 36] von Rostock 1288 Juni 13 (ebd. III 304 Nr. 1964). 1294 Febr. 14 ist er Dompropst von L\u00fcbeck (UB. d. Bist. L\u00fcbeck I 357) und wird als solcher w\u00e4hrend eines Aufenthaltes an der Kurie am 9. Aug. 1296 von Bonifaz VIII. zum Bischof von Brandenburg providiert (Schmidt, P\u00e4pstl. Urk. u. Regg. I 11 Nr. 20). Gleichzeitig erscheint er als Mitaussteller von Abla\u00dfurkunden f\u00fcr den Dom zu Magdeburg (Regg. archiepp. Magd. III 350 Nr. 914), f\u00fcr den Dom zu Halberstadt und St. Nicolai in Oschersleben (UB. d. Hochst. Halberstadt II 577, 576 Nr. 1658, 1657). Noch 1297 Mai 1 ist er in Rom (A VIII 187 Nr. 126) und urkundet in dieser Zeit f\u00fcr das Kloster Altenberg (UB. d. geistl. Stifter d. Niederrheins III, Abtei Altenberg, 338 Nr. 447), f\u00fcr St. Andreae und St. Bartholomaei in Hildesheim (UB. d. Stadt Hildesheim III 661 Nr. 52, UB. d. Hochst. Hildesheim III 568 Nr.1162), f\u00fcr Pfarrkirche und St. Elisabeth Hospital in Marburg a. L. (Wyss, Hess. UB. I 1,465 Nr. 620) und f\u00fcr das Schottenkloster in Wien (Font. \u00b7rer. Austriae. II 18, 95). Wahrscheinlich schon 1297 Nov. 25 in Deutschland (A VIII 188 Nr. 127), begegnet er am 2. Febr. 1298 in Bautzen (A XI 302) und im M\u00e4rz des Jahres in Magdeburg (A VIII 188 Nr. 129). Ende des Jahres ist er mit dem Markgrafen Hermann auf dem Reichstag K\u00f6nig Albrechts zu N\u00fcrnberg (Nov. 30\/Dez. 2, s. Forsch. z. br. u. pr. Gesch. XXVII 398; B I 226 Nr. 292, Notae Altahenses MGH. SS. XVII 423). W\u00e4hrend seines Aufenthaltes in Deutschland scheint V. meistens in Magdeburg, wo er noch 1301 Mai 3 (UB. d. Kl. Berge 102 Nr. 148) urkundet, geweilt zu haben, da die seine ganze Stiftsregierung ausf\u00fcllenden Streitigkeiten mit den Mark\u00adgrafen Otto und Konrad wegen deren Vogteigerechtsame und der Abgabepflicht der geistlichen Untertanen ihm die Besitznahme der bisch\u00f6flichen Residenz nicht gestatteten. Vor 1302 Febr. 8 haben die Bisch\u00f6fe von Brandenburg und Havelberg die Mark Brandenburg mit dem Interdikt belegt (Dix, Das Interdikt im ostelbischen Deutschland [Marb. Diss. 1913), 100). Diese Angelegenheit f\u00fchrte den Bischof ein zweites Mal an den p\u00e4pstlichen Hof, wo er 1302 zu Anagni in der Zeit vom 22. Mai bis 14. Sept. verstarb, ohne eine Entscheidung seines Streites mit den Markgrafen herbeigef\u00fchrt zu haben (Schmidt, P\u00e4pstl. Urk. u. Regg. I 44 Anm. 1).<\/p>\n<p>Siegel: (vgl. Corr. BI. d. Ges. Ver. XX [1872) 50 -51). Siegel Volrads als Domherr von Schwerin an Meckl. UB. III 115 Nr. 1716, auf Wappenschild ein Flug. Haupt- u. Sekretsiegel des Bischofs abgebildet von Wiggert in seinem Aufsatz: Wie man antike Gemmen im Mittelalter zu Siegelstempeln benutzte (F\u00f6rstemanns Neue Mitteilungen a. d. Gebiete historisch-antiquarischer Forsch. VII 4 (1846) Tafel 1 Nr. 3 und 4). Das spitzovale Hauptsiegel zeigt den Bischof sitzend, die rechte Hand erhoben, in der linken den Krummstab, die Mitra ist mit dem Bilde eines Adlers verziert (s. dazu S. 12 Anm. des gen. Aufsatzes), der Wappenschild zu F\u00fc\u00dfen des Bischofs zeigt [Seite 37] den Flug; die Umschrift lautet: \u2020 S VOLRADI: DEI: GRA &#8211; BRANDENBVRGEN \u00b7 ECCE \u00b7 EPI. F\u00fcr das zum R\u00fccksiegel verwandte eirunde Sekretsiegel ist eine antike Gemme benutzt. Das Siegelbild zeigt einen gut gearbeiteten Kopf, der vielleicht als der des Augustus anzusprechen ist. Die Umschrift lautet: \u2020 SECRETVM: VOLRADI: DE: CREMPA.<\/p>\n<p>In: <a href=\"http:\/\/personendatenbank.germania-sacra.de\/books\/view\/1\/51\">Abb, Gustav \/Wentz, Gottfried, Das Bistum Brandenburg 1 (Germania Sacra A. F. Abt. 1), Berlin 1929, S. 35-37<\/a>.<\/p>\n<p>Detailinformationen im Digitalen Personenregister der Germania Sacra: &#8222;Volrad von Krempa&#8220; (GSN: 063-00418-001), in: Germania Sacra, <a href=\"http:\/\/personendatenbank.germania-sacra.de\/index\/gsn\/063-00418-001\" target=\"_blank\">http:\/\/personendatenbank.germania-sacra.de\/index\/gsn\/063-00418-001<\/a> (Abgerufen: 05.05.2015).<\/p>\n<p><em>Beziehungen zu anderen Personen:<\/em><\/p>\n<ul>\n<li>Bonifatius VIII. (Papst) (GND: <a href=\"http:\/\/d-nb.info\/gnd\/118513257\" target=\"_blank\">http:\/\/d-nb.info\/gnd\/118513257<\/a>) (Germania Sacra, <a href=\"http:\/\/personendatenbank.germania-sacra.de\/index\/gsn\/066-00696-002\" target=\"_blank\">http:\/\/personendatenbank.germania-sacra.de\/index\/gsn\/066-00696-002<\/a>)<\/li>\n<li>Hermann I. von Brandenburg (Markgraf von Brandenburg) (GND: <a href=\"http:\/\/d-nb.info\/gnd\/138771421\" target=\"_blank\">http:\/\/d-nb.info\/gnd\/138771421<\/a>)<\/li>\n<li>Albrecht I. von Habsburg (Deutscher K\u00f6nig) (GND: <a href=\"http:\/\/d-nb.info\/gnd\/118501607\" target=\"_blank\">http:\/\/d-nb.info\/gnd\/118501607<\/a>) (Germania Sacra, <a href=\"http:\/\/personendatenbank.germania-sacra.de\/index\/gsn\/069-00050-001\" target=\"_blank\">http:\/\/personendatenbank.germania-sacra.de\/index\/gsn\/069-00050-001<\/a>)<\/li>\n<\/ul>\n<div class='kindleWidget kindleLight' ><img decoding=\"async\" src=\"https:\/\/gsacra.uni-goettingen.de\/wordpress-4.1-de_DE\/wordpress\/wp-content\/plugins\/send-to-kindle\/media\/white-15.png\" \/><span>Send to Kindle<\/span><\/div>","protected":false},"excerpt":{"rendered":"<p>Geb\u00fcrtig aus holsteinischem Adel (Krempa bei Gl\u00fcckstadt im F\u00fcrstentum L\u00fcbeck); erscheint 1273 Okt. 27 als Domherr von L\u00fcbeck (Meckl. UB. Register), 1276 Apr. 13-0kt. 1 als Domdekan dortselbst (UB. d. Bist. L\u00fcbeck I 238, 246), 1280 Aug. 17-1284 Jan. 25 &hellip; <a href=\"https:\/\/gsacra.uni-goettingen.de\/?page_id=642\">Weiterlesen <span class=\"meta-nav\">&rarr;<\/span><\/a><\/p>\n","protected":false},"author":28,"featured_media":0,"parent":1730,"menu_order":34,"comment_status":"closed","ping_status":"closed","template":"","meta":{"footnotes":""},"tags":[8,38,696,422,404,206,732,808,128,606,424],"class_list":["post-642","page","type-page","status-publish","hentry","tag-bischof","tag-brandenburg","tag-krummstab","tag-luebeck","tag-magdeburg","tag-markgraf","tag-markgraf-brandenburg","tag-papst","tag-rom","tag-rostock","tag-schwerin"],"_links":{"self":[{"href":"https:\/\/gsacra.uni-goettingen.de\/index.php?rest_route=\/wp\/v2\/pages\/642","targetHints":{"allow":["GET"]}}],"collection":[{"href":"https:\/\/gsacra.uni-goettingen.de\/index.php?rest_route=\/wp\/v2\/pages"}],"about":[{"href":"https:\/\/gsacra.uni-goettingen.de\/index.php?rest_route=\/wp\/v2\/types\/page"}],"author":[{"embeddable":true,"href":"https:\/\/gsacra.uni-goettingen.de\/index.php?rest_route=\/wp\/v2\/users\/28"}],"replies":[{"embeddable":true,"href":"https:\/\/gsacra.uni-goettingen.de\/index.php?rest_route=%2Fwp%2Fv2%2Fcomments&post=642"}],"version-history":[{"count":11,"href":"https:\/\/gsacra.uni-goettingen.de\/index.php?rest_route=\/wp\/v2\/pages\/642\/revisions"}],"predecessor-version":[{"id":1818,"href":"https:\/\/gsacra.uni-goettingen.de\/index.php?rest_route=\/wp\/v2\/pages\/642\/revisions\/1818"}],"up":[{"embeddable":true,"href":"https:\/\/gsacra.uni-goettingen.de\/index.php?rest_route=\/wp\/v2\/pages\/1730"}],"wp:attachment":[{"href":"https:\/\/gsacra.uni-goettingen.de\/index.php?rest_route=%2Fwp%2Fv2%2Fmedia&parent=642"}],"wp:term":[{"taxonomy":"post_tag","embeddable":true,"href":"https:\/\/gsacra.uni-goettingen.de\/index.php?rest_route=%2Fwp%2Fv2%2Ftags&post=642"}],"curies":[{"name":"wp","href":"https:\/\/api.w.org\/{rel}","templated":true}]}}