{"id":544,"date":"2015-04-28T09:28:23","date_gmt":"2015-04-28T09:28:23","guid":{"rendered":"http:\/\/gsacra.uni-goettingen.de\/?page_id=544"},"modified":"2015-07-15T10:16:05","modified_gmt":"2015-07-15T10:16:05","slug":"dietrich-iii-von-stechow-1459-1472","status":"publish","type":"page","link":"https:\/\/gsacra.uni-goettingen.de\/?page_id=544","title":{"rendered":"Dietrich III. von Stechow. 1459\u20131472"},"content":{"rendered":"<ul>\n<li>v. d. Hagen, Th. Ph., Hist.-geneal. Beschreibung des alt-Adelichen u. z. T. Freiherrl. Geschlechts derer von Stechow (Berlin 1764) 8-10.<\/li>\n<\/ul>\n<p>Zuvor Dompropst von Brandenburg s. S. 118. Vom Kurf\u00fcrsten zum Bischof nominiert (A VIII 417 Nr. 462), vom Papst best\u00e4tigt 1459 April 27 (Eubel II 123), geweiht von Erzbischof Friedrich von Beichlingen (Chron. Magd. bei Meibom, Rer. Gei m. II 359, Gesta archiepp. Magd. MGH. SS. XIV 466, 475), Tag der Kr\u00f6nung im Dom zu Brandenburg 1459 Juli 8 (34.\/35.) Jbr. \u00fc. d. Rist. Ver. z. Brand. [1904] 91).<\/p>\n<p>Als kurf\u00fcrstlicher Rat nahm er an den K\u00e4mpfen gegen das Herzogtum Stettin teil; 1469 Jan. 3 dispensiert Papst Paul II. den Bischof von der Irregularit\u00e4t, die dieser sich durch seine Beteiligung an dem pommerschen Feldzuge glaubte zugezogen zu haben (Vat. Arch. Regg. Lat. 681 f. 45). Nach Abdankung Friedrichs II. Mai 1470 zum Statthalter der Mark in Aus\u00adsicht genommen (Priebatsch, Pol. \u201aCorr. Albrecht Achill. I 122 Nr. 40). Im ersten Jahre seines Pontifikats lie\u00df er eine Matrikel des Bistums nach den Sedes aufnehmen (A VIII 418 ff.). Publizierte auf der Synode in Brandenburg 1463 Mai 11 das Statut: De termino deserviendi corpus bene\u00ad ficii; de beneficiato defuncto, cui cedant fructus; de habenda portione in curatis et solutione debitorum; de testamentis ordinandis; de executoribus testamenti; de decedentibus ab intestato; de in excommunicatione dece\u00ad dentibus, ferner auf der 1465 Juli 5 in der Berliner Marienkirche be\u00adgonnenen und sp\u00e4ter in den Dom zu Brandenburg verlegten Synode das Statut: De non visitandum tabernas et bibitione adequales et de statuto matronarum; de interdicto et cessatione; de decimis modialibus. Au\u00dferdem sind 3 Statuten erhalten, die der Bischof in den Jahren 1465, 1470 und 1471 anl\u00e4\u00dflich von Visitationen erlie\u00df, sie handeln: De benedictione episcopi postulanda; de mandatis perigrinis; de suspectis famulabus sacerdotum; de celebratione diei dominice etc. (Anh. zum Breviarium diocesis Brand. im M\u00e4rk. Provinzialmuseum). Eine Sabbatordnung des Bischofs von 1471 Sept. 30 druckt Doebner aus einer Hildesheimer Abschrift in Forsch. z. br. u. pr. Gesch. VIII 620-623 ab. (dazu Tschirch in 29.\/30. Jbr. \u00fc. d. Rist. Ver. z. Brand. [1898] 113-114). Die Ordnung ist auch in einem verlorenen Kodex der Kapitelsbibliothek enthalten.<\/p>\n<p>Urkundet zuletzt 1472 Jan. 31 (A VIII 431 Nr. 476). Todestag nicht bekannt; begraben in Ziesar. Der Grabstein ist sp\u00e4ter zu baulichen Zwecken verwandt worden und 1880 wieder aufgefunden. Er befindet sich heute in der Schlo\u00dfkapelle zu Ziesar. Die Legende des Steins ist arg verst\u00fcmmelt, eine stehende Bischofsfigur und das Stechowsche Familienwappen noch gut erkennbar.<\/p>\n<p>Siegel: 1. Hauptsiegel, spitzoval, rotes Wachs, im Siegelfelde der Bischof sitzend unter gotischem Baldachin, die Rechte erhoben, in der Linken Krummstab; \u00fcber der Baldachindecke die Heiligen Petrus und Paulus, zur Rechten des Bischofs unter einer Mitra das Stiftswappen, zur Linken unter Turnierhelm Familienwappen. Umschrift auf geschwungenem Spruchband in gotischer Minuskel: \u00b7: Sigillu \u00b7 theod\u203aici \u00b7epi &#8211; ecce \u00b7 br-an-d\u2018bu\u2018gesis (Abb. in Kunstdenkm. II 3, XXXI Abb. XXIII).<\/p>\n<ol start=\"2\">\n<li>Sekretsiegel, rund, im Siegelfelde das Stiftswappen unter der Mitra. Umschrift in gotischer Minuskel: \u2020 Sigillum: theoderici: epi: ecclesi&lt;\u2018: brandeburgensis: (Abb. ebd. Taf. VI Nr. 5).<\/li>\n<\/ol>\n<p>In: <a href=\"http:\/\/personendatenbank.germania-sacra.de\/books\/findpage\/AFI,1929\/49\">Abb, Gustav \/Wentz, Gottfried, Das Bistum Brandenburg 1 (Germania Sacra A. F. Abt. 1), Berlin 1929, S. 49-50<\/a>.<\/p>\n<hr \/>\n<p><em>Detailinformationen im digitalen Personenregister der Germania Sacra<\/em>: \u201eDietrich III. von Stechow\u201c (GSN: 063-00320-001), in: Germania Sacra, <a href=\"http:\/\/personendatenbank.germania-sacra.de\/index\/gsn\/063-00320-001\" target=\"_blank\">http:\/\/personendatenbank.germania-sacra.de\/index\/gsn\/063-00320-001<\/a> (Abgerufen: 28.04.2015).<\/p>\n<hr \/>\n<p><em>Beziehungen zu anderen Personen:<\/em><\/p>\n<ul>\n<li>Friedrich II. (Markgraf und Kurf\u00fcrst von Brandenburg) (GND: <a href=\"http:\/\/d-nb.info\/gnd\/11853565X\">http:\/\/d-nb.info\/gnd\/11853565X<\/a>) (Germania Sacra: <a href=\"http:\/\/personendatenbank.germania-sacra.de\/index\/gsn\/063-00435-001\">http:\/\/personendatenbank.germania-sacra.de\/index\/gsn\/063-00435-001<\/a>)<\/li>\n<li>Friedrich III. von Beichlingen (Erzbischof von Magdeburg)<\/li>\n<li>Paul II. (Papst) (GND:\u00a0<a href=\"http:\/\/d-nb.info\/gnd\/11923212X\">http:\/\/d-nb.info\/gnd\/11923212X<\/a>) (Germania Sacra: <a href=\"http:\/\/personendatenbank.germania-sacra.de\/index\/gsn\/066-04388-001\">http:\/\/personendatenbank.germania-sacra.de\/index\/gsn\/066-04388-001<\/a>)<\/li>\n<\/ul>\n<hr \/>\n<p><iframe loading=\"lazy\" src=\"https:\/\/leo-lahr.cartodb.com\/viz\/9bbb1906-1f06-11e5-8d46-0e9d821ea90d\/embed_map\" width=\"100%\" height=\"520\" frameborder=\"0\" allowfullscreen=\"allowfullscreen\"><\/iframe><\/p>\n<div class='kindleWidget kindleLight' ><img decoding=\"async\" src=\"https:\/\/gsacra.uni-goettingen.de\/wordpress-4.1-de_DE\/wordpress\/wp-content\/plugins\/send-to-kindle\/media\/white-15.png\" \/><span>Send to Kindle<\/span><\/div>","protected":false},"excerpt":{"rendered":"<p>v. d. Hagen, Th. Ph., Hist.-geneal. Beschreibung des alt-Adelichen u. z. T. Freiherrl. Geschlechts derer von Stechow (Berlin 1764) 8-10. Zuvor Dompropst von Brandenburg s. S. 118. Vom Kurf\u00fcrsten zum Bischof nominiert (A VIII 417 Nr. 462), vom Papst best\u00e4tigt &hellip; <a href=\"https:\/\/gsacra.uni-goettingen.de\/?page_id=544\">Weiterlesen <span class=\"meta-nav\">&rarr;<\/span><\/a><\/p>\n","protected":false},"author":24,"featured_media":0,"parent":1730,"menu_order":47,"comment_status":"closed","ping_status":"closed","template":"","meta":{"footnotes":""},"tags":[592,276,716,550,774,696,698,808,286,510,700,692],"class_list":["post-544","page","type-page","status-publish","hentry","tag-kurfuerst-albrecht-von-brandenburg","tag-dompropst-von-brandenburg","tag-erzbischof-magdeburg","tag-herzogtum-stettin","tag-interaktive-karte","tag-krummstab","tag-mitra","tag-papst","tag-pontifikat","tag-synode","tag-wappen","tag-ziesar"],"_links":{"self":[{"href":"https:\/\/gsacra.uni-goettingen.de\/index.php?rest_route=\/wp\/v2\/pages\/544","targetHints":{"allow":["GET"]}}],"collection":[{"href":"https:\/\/gsacra.uni-goettingen.de\/index.php?rest_route=\/wp\/v2\/pages"}],"about":[{"href":"https:\/\/gsacra.uni-goettingen.de\/index.php?rest_route=\/wp\/v2\/types\/page"}],"author":[{"embeddable":true,"href":"https:\/\/gsacra.uni-goettingen.de\/index.php?rest_route=\/wp\/v2\/users\/24"}],"replies":[{"embeddable":true,"href":"https:\/\/gsacra.uni-goettingen.de\/index.php?rest_route=%2Fwp%2Fv2%2Fcomments&post=544"}],"version-history":[{"count":13,"href":"https:\/\/gsacra.uni-goettingen.de\/index.php?rest_route=\/wp\/v2\/pages\/544\/revisions"}],"predecessor-version":[{"id":2118,"href":"https:\/\/gsacra.uni-goettingen.de\/index.php?rest_route=\/wp\/v2\/pages\/544\/revisions\/2118"}],"up":[{"embeddable":true,"href":"https:\/\/gsacra.uni-goettingen.de\/index.php?rest_route=\/wp\/v2\/pages\/1730"}],"wp:attachment":[{"href":"https:\/\/gsacra.uni-goettingen.de\/index.php?rest_route=%2Fwp%2Fv2%2Fmedia&parent=544"}],"wp:term":[{"taxonomy":"post_tag","embeddable":true,"href":"https:\/\/gsacra.uni-goettingen.de\/index.php?rest_route=%2Fwp%2Fv2%2Ftags&post=544"}],"curies":[{"name":"wp","href":"https:\/\/api.w.org\/{rel}","templated":true}]}}