{"id":538,"date":"2015-04-28T09:40:57","date_gmt":"2015-04-28T09:40:57","guid":{"rendered":"http:\/\/gsacra.uni-goettingen.de\/?page_id=538"},"modified":"2015-07-17T13:18:37","modified_gmt":"2015-07-17T13:18:37","slug":"ludwig-schenk-von-neindorf-1327-1347","status":"publish","type":"page","link":"https:\/\/gsacra.uni-goettingen.de\/?page_id=538","title":{"rendered":"Ludwig \u2020 Schenk von Neindorf (pincerna de Neindorp, Nendorp). 1327\u20131347"},"content":{"rendered":"<p>Sohn Johanns Schenken von Neindorf und dessen Ehefrau Jutta (UB. d. Hochst. Merseburg I 536 Nr. 676); als Br\u00fcder Ludwigs sind nach\u00ad zuweisen: Johannes (A VIII 251) und Jordan, der 1331 Juli 21 als miles bezeichnet wird (Cod. dipl. Anhalt. III 421 Nr. 590), 1341 Apr. 16 \u201a als Domherr von Naumburg begegnet (Schmidt, P\u00e4pstl. Urk. u. Regg. I 152 Nr. 163).<\/p>\n<p>Vielleicht ist L. zu identifizieren mit dem 1311 Aug. 18 als Zeuge in einer Urkunde des Erzbischofs Burkhard von Magdeburg erscheinenden Ludo\u00ad vicus miles de Nendorp (Jb. f. Brand. K. G. XIII 33). L. begegnet als Dom\u00adherr von Merseburg 1311 Sept. 4 (UB. d. Hochst. Merseburg I 531Nr. 673), als Scholasticus dortselbst 1316 Juni 27 ( ebd. 570 Nr. 711). 1318 Mz. 8 ist er Domherr von Halberstadt (UB. d. Hochst. Halberstadt III 167, 168 Nr. 2000) und 1322 Mai 2 Domk\u00e4mmerer von Merseburg (UB. d. Hochst. Merseburg I 595 Nr. 739). Auch ein Kanonikat im Domkapitel zu\u00a0Naumburg scheint L. besessen zu haben; N\u00e4heres hier\u00fcber ist nicht nachweisbar (A VIII \u201a 237 Nr. 199).<\/p>\n<p>Nach dem Tode des Halberst\u00e4dter Bischofs Albrecht I., Grafen von Anhalt, (\u2020 1324 Sept. 17) w\u00e4hlt das Kapitel den Domherrn Ludwig von Neindorf zum Bischof. L. kommt nicht in den Besitz des Bistums, da Herzog Albrecht von Braunschweig das Stift mit Gewalt an sich bringt. Der Papst providiert am 14. Nov. 1324 den Stiftsherrn von St. Gereon in K\u00f6ln, Giselbert, Grafen von Holstein, zum Bischof von Halberstadt, am 4. Mai 1327 den in Avignon weilenden Ludwig von Neindorf zum Bischof von Brandenburg, in\u00ad dem er ihn am gleichen Tage in sein Bistum entl\u00e4\u00dft, nachdem die Konse\u00adkration durch Kardinalbischof Peter von Palestrina vorgenommen ist (Schmidt, P\u00e4pstl. Urk. u. Regg. I 196 Nr. 264). Da der Erw\u00e4hlte des Kapitels Heinrich von Barby das Bistum Brandenburg in Besitz hat, ist L. auf der R\u00fcckreise noch eine Zeitlang als Generalvikar Bischof Giselberts von Halberstadt t\u00e4tig (Gesta epp. Halberst. MGH. SS. XXIII 123, UB. d. Kl\u00f6ster d. Grafschaf \u2020 Mansfeld 179 Nr. 96). Erst 1329 Jan. 1 steht er in Beziehungen zum Brandenburger Domkapitel (A VIII 239 Nr. 202). Am 18. Juli 1330 verf\u00fcgt Bischof Gebhard von Merseburg \u00fcber die obediencia in R\u00f6ssen, die L. innegehabt hatte (UB. d. Hochst. Merseburg I 697 Nr. 842). Zuvor mu\u00df der \u00dcbergang des Bischofs von der p\u00e4pstlichen zur kaiserlichen Partei erfolgt sein, der ihm f\u00fcr die Folge den ungest\u00f6rten Besitz des Bistums sichert. Von Anbeginn seines Episkopats bis weit in die Regierungszeit seines Nachfolgers hinein (von 1327 April 9 -1358 Mitte November) lag auf der Mark das wegen Besitzergreifung des Landes durch Ludwig von Bayern von Papst Johann XXII. ausge\u00adsprochene Interdikt (Dix, Das Interdikt im ostelbischen Deutschland, [Marb. Diss. 1913] 104).<\/p>\n<p>In die Zeit des Pontifikats Bischof Ludwigs f\u00e4llt die Ermordung des Propstes von Bernau und die Inquisition gegen die Ketzer in Angerm\u00fcnde. L.\u00a0stirbt am 29. Juli 1347 (IV. Kal. [Aug.] Felicis, Simplicii, Faustini et Beatricis, s. die Notiz im Calendarium Merseburgense, F\u00f6rstemanns Neue Mitteilungen aus d. Gebiet histor. antiquar. Forschungen II [1836] 248).<\/p>\n<p>Siegel:<\/p>\n<p>1. Hauptsiegel, rund, der Bischof sitzend im Siegelfelde, die Rechte erhoben, in der Linken Krummstab, rechts unten das Stiftswappen, links unten das Familienwappen. Umschrift: S: LODEWICI: DEI: GRA: EPI-ECCLE: BRANDEBVRGEN: (Abb. in Kunstdenkm. II 3, XXII Abb. XII).<\/p>\n<p>2. Sekretsiegel, rund, im Siegelfelde die Stiftsheiligen, rechts Petrus, links Paulus, stehend ihnen zu F\u00fc\u00dfen der Wappenschild mit Familienwappen, Umschrift an dem Siegel im Alvenslebenschen Stiftsarchiv zu Erxleben teilweise zerst\u00f6rt (Abb. bei Vo\u00dfberg, Siegel d. Mark Brand. II B 3 Nr. 4).<\/p>\n<p>&nbsp;<\/p>\n<p>In: <a href=\"http:\/\/personendatenbank.germania-sacra.de\/books\/findpage\/AFI,1929\/38\">Abb, Gustav \/Wentz, Gottfried, Das Bistum Brandenburg 1 (Germania Sacra A. F. Abt. 1), Berlin 1929, S. 38<\/a>.<\/p>\n<p>\u201eLudwig Schenk von Neindorf\u201c (GSN: 060-02734-001), in: Germania Sacra, <a href=\"http:\/\/personendatenbank.germania-sacra.de\/index\/gsn\/060-02734-001\" target=\"_blank\">http:\/\/personendatenbank.germania-sacra.de\/index\/gsn\/060-02734-001<\/a> (Abgerufen: 28.04.2015).<\/p>\n<p>&nbsp;<\/p>\n<p><em>Beziehungen zu anderen Personen:\u00a0<\/em><\/p>\n<ul>\n<li>Burkhard von Magdeburg (Erzbischof Magdeburg), (GND:<a href=\"http:\/\/d-nb.info\/gnd\/136148484\">\u00a0http:\/\/d-nb.info\/gnd\/136148484<\/a>)\u00a0(DB:\u00a0<a href=\"http:\/\/www.deutsche-biographie.de\/ppn136148484.html\">http:\/\/www.deutsche-biographie.de\/ppn136148484.html<\/a>)<\/li>\n<li>Albrecht I., Graf von Anhalt (Bischof Halberstadt), (Germania Sacra:\u00a0<a href=\"http:\/\/personendatenbank.germania-sacra.de\/index\/gsn\/060-00055-001\">http:\/\/personendatenbank.germania-sacra.de\/index\/gsn\/060-00055-001<\/a>)<\/li>\n<li>Albrecht II., Herzog von Braunschweig -L\u00fcneburg (Bischof Halberstadt), (GND:\u00a0<a href=\"http:\/\/d-nb.info\/gnd\/136818692\">http:\/\/d-nb.info\/gnd\/136818692<\/a>) (Germania Sacra:\u00a0<a href=\"http:\/\/personendatenbank.germania-sacra.de\/index\/gsn\/063-00011-001\">http:\/\/personendatenbank.germania-sacra.de\/index\/gsn\/063-00011-001<\/a>)<\/li>\n<li>Giselbert, Graf von Holstein (Bischof Halberstadt)<\/li>\n<li>Peter von Palestrina (Kardinalbischof Palestrina)<\/li>\n<li>Heinrich von Barby (Elekt Brandenburg), (Germania Sacra:\u00a0<a href=\"http:\/\/personendatenbank.germania-sacra.de\/index\/gsn\/002-00169-001\">http:\/\/personendatenbank.germania-sacra.de\/index\/gsn\/002-00169-001<\/a>)<\/li>\n<li>Gebhard von Merseburg (Bischof Merseburg), (GND:\u00a0<a href=\"http:\/\/d-nb.info\/gnd\/136158560\">http:\/\/d-nb.info\/gnd\/136158560<\/a>)<\/li>\n<li>Ludwig IV., Herzog von Bayern (Kaiser des Heiligen R\u00f6mischen Reiches), (GND:\u00a0<a href=\"http:\/\/d-nb.info\/gnd\/118574957\">http:\/\/d-nb.info\/gnd\/118574957<\/a>) (DB:\u00a0<a href=\"http:\/\/www.deutsche-biographie.de\/ppn118574957.html\">http:\/\/www.deutsche-biographie.de\/ppn118574957.html<\/a>)<\/li>\n<li>Papst Johannes XXII., (GND:\u00a0<a href=\"http:\/\/d-nb.info\/gnd\/118557912\">http:\/\/d-nb.info\/gnd\/118557912<\/a>)\u00a0(Germania Sacra:<a href=\"http:\/\/personendatenbank.germania-sacra.de\/index\/gsn\/069-01128-002\">\u00a0http:\/\/personendatenbank.germania-sacra.de\/index\/gsn\/069-01128-002<\/a>)<\/li>\n<\/ul>\n<div class='kindleWidget kindleLight' ><img decoding=\"async\" src=\"https:\/\/gsacra.uni-goettingen.de\/wordpress-4.1-de_DE\/wordpress\/wp-content\/plugins\/send-to-kindle\/media\/white-15.png\" \/><span>Send to Kindle<\/span><\/div>","protected":false},"excerpt":{"rendered":"<p>Sohn Johanns Schenken von Neindorf und dessen Ehefrau Jutta (UB. d. Hochst. Merseburg I 536 Nr. 676); als Br\u00fcder Ludwigs sind nach\u00ad zuweisen: Johannes (A VIII 251) und Jordan, der 1331 Juli 21 als miles bezeichnet wird (Cod. dipl. Anhalt. &hellip; <a href=\"https:\/\/gsacra.uni-goettingen.de\/?page_id=538\">Weiterlesen <span class=\"meta-nav\">&rarr;<\/span><\/a><\/p>\n","protected":false},"author":30,"featured_media":0,"parent":1730,"menu_order":38,"comment_status":"closed","ping_status":"closed","template":"","meta":{"footnotes":""},"tags":[8,38,348,346,810,696,646,700],"class_list":["post-538","page","type-page","status-publish","hentry","tag-bischof","tag-brandenburg","tag-domherr-von-merseburg","tag-domherr-von-naumburg","tag-kaiser","tag-krummstab","tag-scholastikus","tag-wappen"],"_links":{"self":[{"href":"https:\/\/gsacra.uni-goettingen.de\/index.php?rest_route=\/wp\/v2\/pages\/538","targetHints":{"allow":["GET"]}}],"collection":[{"href":"https:\/\/gsacra.uni-goettingen.de\/index.php?rest_route=\/wp\/v2\/pages"}],"about":[{"href":"https:\/\/gsacra.uni-goettingen.de\/index.php?rest_route=\/wp\/v2\/types\/page"}],"author":[{"embeddable":true,"href":"https:\/\/gsacra.uni-goettingen.de\/index.php?rest_route=\/wp\/v2\/users\/30"}],"replies":[{"embeddable":true,"href":"https:\/\/gsacra.uni-goettingen.de\/index.php?rest_route=%2Fwp%2Fv2%2Fcomments&post=538"}],"version-history":[{"count":12,"href":"https:\/\/gsacra.uni-goettingen.de\/index.php?rest_route=\/wp\/v2\/pages\/538\/revisions"}],"predecessor-version":[{"id":2160,"href":"https:\/\/gsacra.uni-goettingen.de\/index.php?rest_route=\/wp\/v2\/pages\/538\/revisions\/2160"}],"up":[{"embeddable":true,"href":"https:\/\/gsacra.uni-goettingen.de\/index.php?rest_route=\/wp\/v2\/pages\/1730"}],"wp:attachment":[{"href":"https:\/\/gsacra.uni-goettingen.de\/index.php?rest_route=%2Fwp%2Fv2%2Fmedia&parent=538"}],"wp:term":[{"taxonomy":"post_tag","embeddable":true,"href":"https:\/\/gsacra.uni-goettingen.de\/index.php?rest_route=%2Fwp%2Fv2%2Ftags&post=538"}],"curies":[{"name":"wp","href":"https:\/\/api.w.org\/{rel}","templated":true}]}}