{"id":524,"date":"2015-04-28T09:27:45","date_gmt":"2015-04-28T09:27:45","guid":{"rendered":"http:\/\/gsacra.uni-goettingen.de\/?page_id=524"},"modified":"2015-07-14T12:29:17","modified_gmt":"2015-07-14T12:29:17","slug":"wichmann-von-arnstein-arnesten","status":"publish","type":"page","link":"https:\/\/gsacra.uni-goettingen.de\/?page_id=524","title":{"rendered":"(Wichmann von Arnstein [Arnesten].)"},"content":{"rendered":"<ul>\n<li>Winter, F. in Gesch. Bl. f. St. u. L. Magd. XI (1876) 180-184.<br \/>\nOudenrijn, M. A. van den, O. P., Miracula quaedam et collationes Fratris Wichmanni inter mysticos nationis Germanicae ord. Praed. aetate antiquissimi (Romae 1924).<br \/>\nB\u00fcnger, F., Zur Mystik und Geschichte der m\u00e4rkischen Dominikaner (Ver\u00f6ffentlichungen des Vereins f\u00fcr Geschichte der Mark Brandenburg [Berlin 1926]) 1. Hauptteil, Der Mystiker Wichmann von Arnstein.<\/li>\n<\/ul>\n<p>Sohn Walters von Arnstein und dessen Gemahlin Gertrud (UB. d. Kl. U. L. Frauen 64 Nr. 71). Oblat im Stift Unserer Lieben Frauen 1194 Juni 1 (ebd.), Stiftsherr und Akoluthus dortselbst 1199 (ebd. 78 Nr. 81), Propst von St. Marien 1210 Dez. 21 (v. Ledeburs Allg. Archiv f. d. Geschichtskunde d. preu\u00df. Staates VII 361). Nach dem Tode Bischof Siegfrieds II. vom Leitzkauer Kapitel in zwiesp\u00e4ltiger Wahl mit dem Brandenburger Konvent zum Bischof gew\u00e4hlt, erh\u00e4lt er nicht die Best\u00e4tigung (Magd. Sch\u00f6ppenchron. Chron. d. deutschen St\u00e4dte VII 144). 1224 bringt er die Dominikaner nach Magdeburg (ebd. 144, 146), zwischen 1228 (UB. d. Kl. U. L. Frauen 106 Nr. 114) und 1229 Dez. 12 (Regg. archiepp. Magd. II 408 Nr. 882) resigniert<\/p>\n<p>[Seite 30]<\/p>\n<p>er die Propstdignit\u00e4t und tritt in das Kapitel zur\u00fcck. Vor 1233 tritt er in den Dominikanerorden ein, geh\u00f6rt den Konventen von Magdeburg und Freiberg i. S. an, wird Prior in Erfurt nach 1236, dann, fr\u00fchestens 1243, in Eisenach und 1246 in Neu-Ruppin, nachdem im selben Jahre sein Bruder Gebhard das dortige Dominikanerkloster begr\u00fcndet hat (B\u00fcnger a. a. O.\u201a 6f., s. a. Bauch, Johann I. u.\u00a0Otto III. v. Brandenburg 132 ff., Gesch. Bl. f. St. u. L. Magd. XI 180 ff., A IV 264). \u2020 als erster Prior von Ruppin 1270 Nov. 2.<\/p>\n<p>Wichmanns 4 Traktate sind gedruckt von Oudenrijn und B\u00fcnger a. a. O. 15-33, die Wichmannlegende von Winter und Oudenrijn a. a. O.<\/p>\n<p>In: <a href=\"http:\/\/personendatenbank.germania-sacra.de\/books\/findpage\/AFI,1929\/29-30\">Abb, Gustav \/Wentz, Gottfried, Das Bistum Brandenburg 1 (Germania Sacra A. F. Abt. 1), Berlin 1929, S. 29-30<\/a>.<\/p>\n<hr \/>\n<p>Detailinformationen im Digitalen Personenregister der Germania Sacra: \u201eWichmann von Arnstein\u201c (GSN: 002-00118-003), in: Germania Sacra, <a href=\"http:\/\/personendatenbank.germania-sacra.de\/index\/gsn\/002-00118-003\" target=\"_blank\">http:\/\/personendatenbank.germania-sacra.de\/index\/gsn\/002-00118-003<\/a> (Abgerufen: 28.04.2015).<\/p>\n<hr \/>\n<p><em>Beziehungen zu anderen Personen:<\/em><\/p>\n<ul>\n<li>Walter von Arnstein<\/li>\n<li>Siegfried II. (Bischof)<\/li>\n<li>Gebhard von Arnstein<\/li>\n<\/ul>\n<div class='kindleWidget kindleLight' ><img decoding=\"async\" src=\"https:\/\/gsacra.uni-goettingen.de\/wordpress-4.1-de_DE\/wordpress\/wp-content\/plugins\/send-to-kindle\/media\/white-15.png\" \/><span>Send to Kindle<\/span><\/div>","protected":false},"excerpt":{"rendered":"<p>Winter, F. in Gesch. Bl. f. St. u. L. Magd. XI (1876) 180-184. Oudenrijn, M. A. van den, O. P., Miracula quaedam et collationes Fratris Wichmanni inter mysticos nationis Germanicae ord. Praed. aetate antiquissimi (Romae 1924). B\u00fcnger, F., Zur Mystik &hellip; <a href=\"https:\/\/gsacra.uni-goettingen.de\/?page_id=524\">Weiterlesen <span class=\"meta-nav\">&rarr;<\/span><\/a><\/p>\n","protected":false},"author":16,"featured_media":0,"parent":1730,"menu_order":23,"comment_status":"closed","ping_status":"closed","template":"","meta":{"footnotes":""},"tags":[38,196,688,64,96,520,272],"class_list":["post-524","page","type-page","status-publish","hentry","tag-brandenburg","tag-domherr","tag-dominikaner","tag-elekt","tag-kloster-unserer-lieben-frauen-st-marien-magdeburg","tag-prior","tag-stiftsherr"],"_links":{"self":[{"href":"https:\/\/gsacra.uni-goettingen.de\/index.php?rest_route=\/wp\/v2\/pages\/524","targetHints":{"allow":["GET"]}}],"collection":[{"href":"https:\/\/gsacra.uni-goettingen.de\/index.php?rest_route=\/wp\/v2\/pages"}],"about":[{"href":"https:\/\/gsacra.uni-goettingen.de\/index.php?rest_route=\/wp\/v2\/types\/page"}],"author":[{"embeddable":true,"href":"https:\/\/gsacra.uni-goettingen.de\/index.php?rest_route=\/wp\/v2\/users\/16"}],"replies":[{"embeddable":true,"href":"https:\/\/gsacra.uni-goettingen.de\/index.php?rest_route=%2Fwp%2Fv2%2Fcomments&post=524"}],"version-history":[{"count":11,"href":"https:\/\/gsacra.uni-goettingen.de\/index.php?rest_route=\/wp\/v2\/pages\/524\/revisions"}],"predecessor-version":[{"id":1800,"href":"https:\/\/gsacra.uni-goettingen.de\/index.php?rest_route=\/wp\/v2\/pages\/524\/revisions\/1800"}],"up":[{"embeddable":true,"href":"https:\/\/gsacra.uni-goettingen.de\/index.php?rest_route=\/wp\/v2\/pages\/1730"}],"wp:attachment":[{"href":"https:\/\/gsacra.uni-goettingen.de\/index.php?rest_route=%2Fwp%2Fv2%2Fmedia&parent=524"}],"wp:term":[{"taxonomy":"post_tag","embeddable":true,"href":"https:\/\/gsacra.uni-goettingen.de\/index.php?rest_route=%2Fwp%2Fv2%2Ftags&post=524"}],"curies":[{"name":"wp","href":"https:\/\/api.w.org\/{rel}","templated":true}]}}