{"id":514,"date":"2015-04-28T09:31:50","date_gmt":"2015-04-28T09:31:50","guid":{"rendered":"http:\/\/gsacra.uni-goettingen.de\/?page_id=514"},"modified":"2015-07-17T13:03:24","modified_gmt":"2015-07-17T13:03:24","slug":"norbert-119293-1205","status":"publish","type":"page","link":"https:\/\/gsacra.uni-goettingen.de\/?page_id=514","title":{"rendered":"Norbert. 1192\/93-1205"},"content":{"rendered":"<p>Vielleicht identisch mit dem gleichnamigen Stiftsherren von Unserer Lieben Frauen, der 1183\/84 begegnet (s. Winter, Pr\u00e4monstratenser, nach UB. d. Kl. U. L. Frauen 54 Nr. 60. Ob man in dem 1184\/85 belegten capellanus und notarius curie Magdeburgensis gleichen Namens dieselbe Pers\u00f6nlichkeit erblicken darf, wie M\u00f6llenberg, Sachsen und Anhalt III [1927] 170 tut, erscheint mir fraglich). Gew\u00e4hlt vielleicht schon 1192, geweiht von Erzbischof Ludolf nach 1193 Mai 16 (Gesta archiepp. Magd. MGH. SS. XIV 418, s. Forsch. z. br. u. pr. Gesch. V 523). 1202 Jan. 1 assistiert er der Weihe des Bischofs Konrad von Halberstadt (Gesta epp. Halberst. MGH. SS. XXIII 115), 1204 Sept. 19 derjenigen des Bischofs Dietrich von Merseburg (Chron. Montis sereni MGH. SS. XXIII 171). Begegnet zuletzt vor dem 25. Juli 1205 (A X 189 Nr. 15, 410, vgl. Forsch. z. br. u. pr. Gesch. V 523).<br \/>\nSiegel: rund, im Siegelfelde der sitzende Bischof, auf dem Haupte die Mitra, in der Rechten den Krummstab, in der Linken das ge\u00f6ffnete Evangelienbuch haltend. Umschrift zerst\u00f6rt (Abb. in Kunstdenkm. II 3 Taf. II Nr. 4).<\/p>\n<p>In: <a href=\"http:\/\/personendatenbank.germania-sacra.de\/books\/view\/1\/44\">Abb, Gustav \/Wentz, Gottfried, Das Bistum Brandenburg 1 (Germania Sacra A. F. Abt. 1), Berlin 1929, S. 28<\/a>.<\/p>\n<p>Detailinformationen im Digitalen Personenregister der Germania Sacra: \u201eNorbert\u201c (GSN: 059-01172-001), in: Germania Sacra, <a href=\"http:\/\/personendatenbank.germania-sacra.de\/index\/gsn\/059-01172-001\" target=\"_blank\">http:\/\/personendatenbank.germania-sacra.de\/index\/gsn\/059-01172-001<\/a> (Abgerufen: 28.04.2015).<\/p>\n<p><em>Beziehungen zu anderen Personen:<\/em><\/p>\n<ul>\n<li>Erzbischof Ludolf von Magdeburg (GND: <a href=\"http:\/\/d-nb.info\/gnd\/13795462X\" target=\"_blank\">http:\/\/d-nb.info\/gnd\/13795462X<\/a>) (Germania Sacra,\u00a0<a href=\"http:\/\/personendatenbank.germania-sacra.de\/index\/gsn\/063-01213-001\" target=\"_blank\">http:\/\/personendatenbank.germania-sacra.de\/index\/gsn\/063-01213-001<\/a>)<\/li>\n<li>Bischof Konrad von Halberstadt (GND: <a href=\"http:\/\/d-nb.info\/gnd\/1030492891\" target=\"_blank\">http:\/\/d-nb.info\/gnd\/1030492891<\/a>)<\/li>\n<li>Dietrich von Mei\u00dfen (Bischof von Merseburg) (GND: <a href=\"http:\/\/d-nb.info\/gnd\/136844669\" target=\"_blank\">http:\/\/d-nb.info\/gnd\/136844669<\/a>)<\/li>\n<\/ul>\n<div class='kindleWidget kindleLight' ><img decoding=\"async\" src=\"https:\/\/gsacra.uni-goettingen.de\/wordpress-4.1-de_DE\/wordpress\/wp-content\/plugins\/send-to-kindle\/media\/white-15.png\" \/><span>Send to Kindle<\/span><\/div>","protected":false},"excerpt":{"rendered":"<p>Vielleicht identisch mit dem gleichnamigen Stiftsherren von Unserer Lieben Frauen, der 1183\/84 begegnet (s. Winter, Pr\u00e4monstratenser, nach UB. d. Kl. U. L. Frauen 54 Nr. 60. Ob man in dem 1184\/85 belegten capellanus und notarius curie Magdeburgensis gleichen Namens dieselbe &hellip; <a href=\"https:\/\/gsacra.uni-goettingen.de\/?page_id=514\">Weiterlesen <span class=\"meta-nav\">&rarr;<\/span><\/a><\/p>\n","protected":false},"author":28,"featured_media":0,"parent":1730,"menu_order":19,"comment_status":"closed","ping_status":"closed","template":"","meta":{"footnotes":""},"tags":[8,720,38,716,96,696,698,272],"class_list":["post-514","page","type-page","status-publish","hentry","tag-bischof","tag-bischof-merseburg","tag-brandenburg","tag-erzbischof-magdeburg","tag-kloster-unserer-lieben-frauen-st-marien-magdeburg","tag-krummstab","tag-mitra","tag-stiftsherr"],"_links":{"self":[{"href":"https:\/\/gsacra.uni-goettingen.de\/index.php?rest_route=\/wp\/v2\/pages\/514","targetHints":{"allow":["GET"]}}],"collection":[{"href":"https:\/\/gsacra.uni-goettingen.de\/index.php?rest_route=\/wp\/v2\/pages"}],"about":[{"href":"https:\/\/gsacra.uni-goettingen.de\/index.php?rest_route=\/wp\/v2\/types\/page"}],"author":[{"embeddable":true,"href":"https:\/\/gsacra.uni-goettingen.de\/index.php?rest_route=\/wp\/v2\/users\/28"}],"replies":[{"embeddable":true,"href":"https:\/\/gsacra.uni-goettingen.de\/index.php?rest_route=%2Fwp%2Fv2%2Fcomments&post=514"}],"version-history":[{"count":7,"href":"https:\/\/gsacra.uni-goettingen.de\/index.php?rest_route=\/wp\/v2\/pages\/514\/revisions"}],"predecessor-version":[{"id":1788,"href":"https:\/\/gsacra.uni-goettingen.de\/index.php?rest_route=\/wp\/v2\/pages\/514\/revisions\/1788"}],"up":[{"embeddable":true,"href":"https:\/\/gsacra.uni-goettingen.de\/index.php?rest_route=\/wp\/v2\/pages\/1730"}],"wp:attachment":[{"href":"https:\/\/gsacra.uni-goettingen.de\/index.php?rest_route=%2Fwp%2Fv2%2Fmedia&parent=514"}],"wp:term":[{"taxonomy":"post_tag","embeddable":true,"href":"https:\/\/gsacra.uni-goettingen.de\/index.php?rest_route=%2Fwp%2Fv2%2Ftags&post=514"}],"curies":[{"name":"wp","href":"https:\/\/api.w.org\/{rel}","templated":true}]}}