{"id":490,"date":"2015-04-28T09:40:21","date_gmt":"2015-04-28T09:40:21","guid":{"rendered":"http:\/\/gsacra.uni-goettingen.de\/?page_id=490"},"modified":"2015-07-17T13:14:29","modified_gmt":"2015-07-17T13:14:29","slug":"balduin-1205-1216","status":"publish","type":"page","link":"https:\/\/gsacra.uni-goettingen.de\/?page_id=490","title":{"rendered":"Balduin. 1205\u20131216"},"content":{"rendered":"<p class=\"western\">Zuvor Dompropst von Brandenburg, s. S.114, zum Bischof gew\u00e4hlt 1205 (MGH. SS. XXV 485); infolge der Magdeburger Sedisvakanz 1205\/6 bleibt die Weihe ausgesetzt. B. erscheint noch 1207 Mz. 10 als Elekt (Regg. archiepp. Magd. II 117 Nr. 282), geweiht wird er von Erzbischof Albrecht im Kloster Unserer Lieben Frauen zu Magdeburg am 1. Ostertage (Apr. 22) 1207 (Magd. Sch\u00f6ppenchron. Chron. d. deutschen St\u00e4dte VII 131\/2).<\/p>\n<p class=\"western\">\u00dcber die schm\u00e4hliche Nachgiebigkeit B.s gegen\u00fcber den Forderungen des Markgrafen Albrecht II., die auf Verkleinerung der Di\u00f6zese abzielten und als Vorspiel zum brandenburgischen Zehntstreit betrachtet werden k\u00f6nnen, s. Curschmann, Di\u00f6z. Brand. 338 ff. und das p\u00e4pstliche Schreiben von 1210 Mz. 26 in Baluze, Epist. Innocentii III. Bd. II 419 f., Potth. 3947.<\/p>\n<p class=\"western\">1216 Juni 5 weiht B. in Merseburg den Bischof Ekkehard von Merse\u00adburg (Chron. Montis sereni MGH. SS. XXIII 187). Er begegnet urkundlich zuletzt 1216 Nov. 16 (G. St. A. Urk. Lehnin 6, Druck bei Bauer, Die \u00dcberlieferung des Lehniner Archivs 141), \u2020 kurz darauf.<\/p>\n<p class=\"western\">Siegel: wie das seines Vorg\u00e4ngers. Umschrift: \u2020 BALDVIN\u2018 DI GRA BRANDEBVRGNSIS EPC (Abb. in Kunstdenkm. II 3 Taf. II Nr. 5).<\/p>\n<p class=\"western\">In:\u00a0<a href=\"http:\/\/personendatenbank.germania-sacra.de\/books\/findpage\/AFI,1929\/28\" target=\"_blank\">Abb, Gustav \/ Wentz, Gottfried, Das Bistum Brandenburg 1 (Germania Sacra A. F. Abt.1), Berlin 1929, S. 28<\/a><\/p>\n<hr \/>\n<p class=\"western\">Detailinformationen im Digitalen Personenregister de Germania Sacra: &#8222;Balduin&#8220; (GSN: 002-00156-002), in: Germania Sacra:\u00a0<a href=\"http:\/\/personendatenbank.germania-sacra.de\/index\/gsn\/002-00156-002\" target=\"_blank\">http:\/\/personendatenbank.germania-sacra.de\/index\/gsn\/002-00156-002<\/a>\u00a0(Abgerufen: 28.04.2015)<\/p>\n<hr \/>\n<p>Beziehung zu Personen:<\/p>\n<ul>\n<li>Albrecht II. von K\u00e4fernburg (Erzbischof in Magdeburg); (GND: <a href=\"http:\/\/d-nb.info\/gnd\/118647768\" target=\"_blank\">http:\/\/d-nb.info\/gnd\/118647768<\/a>), (Germania Sacra: <a href=\"http:\/\/personendatenbank.germania-sacra.de\/index\/gsn\/063-00009-001\" target=\"_blank\">http:\/\/personendatenbank.germania-sacra.de\/index\/gsn\/063-00009-001<\/a>)<\/li>\n<li>Albrecht II. von Brandenburg (Markgraf von Brandenburg); (GND: <a href=\"http:\/\/d-nb.info\/gnd\/138733422\" target=\"_blank\">http:\/\/d-nb.info\/gnd\/138733422<\/a>), (Germania Sacra: <a href=\"http:\/\/personendatenbank.germania-sacra.de\/index\/gsn\/063-00015-001\" target=\"_blank\">http:\/\/personendatenbank.germania-sacra.de\/index\/gsn\/063-00015-001<\/a>)<\/li>\n<li>Ekkehard (Bischof in Merseburg)<\/li>\n<\/ul>\n<p class=\"western\">\n<div class='kindleWidget kindleLight' ><img decoding=\"async\" src=\"https:\/\/gsacra.uni-goettingen.de\/wordpress-4.1-de_DE\/wordpress\/wp-content\/plugins\/send-to-kindle\/media\/white-15.png\" \/><span>Send to Kindle<\/span><\/div>","protected":false},"excerpt":{"rendered":"<p>Zuvor Dompropst von Brandenburg, s. S.114, zum Bischof gew\u00e4hlt 1205 (MGH. SS. XXV 485); infolge der Magdeburger Sedisvakanz 1205\/6 bleibt die Weihe ausgesetzt. B. erscheint noch 1207 Mz. 10 als Elekt (Regg. archiepp. Magd. II 117 Nr. 282), geweiht wird &hellip; <a href=\"https:\/\/gsacra.uni-goettingen.de\/?page_id=490\">Weiterlesen <span class=\"meta-nav\">&rarr;<\/span><\/a><\/p>\n","protected":false},"author":26,"featured_media":0,"parent":1730,"menu_order":20,"comment_status":"closed","ping_status":"closed","template":"","meta":{"footnotes":""},"tags":[706,8,38,160,96],"class_list":["post-490","page","type-page","status-publish","hentry","tag-albrecht-ii-erzbischof-magdeburg","tag-bischof","tag-brandenburg","tag-dompropst","tag-kloster-unserer-lieben-frauen-st-marien-magdeburg"],"_links":{"self":[{"href":"https:\/\/gsacra.uni-goettingen.de\/index.php?rest_route=\/wp\/v2\/pages\/490","targetHints":{"allow":["GET"]}}],"collection":[{"href":"https:\/\/gsacra.uni-goettingen.de\/index.php?rest_route=\/wp\/v2\/pages"}],"about":[{"href":"https:\/\/gsacra.uni-goettingen.de\/index.php?rest_route=\/wp\/v2\/types\/page"}],"author":[{"embeddable":true,"href":"https:\/\/gsacra.uni-goettingen.de\/index.php?rest_route=\/wp\/v2\/users\/26"}],"replies":[{"embeddable":true,"href":"https:\/\/gsacra.uni-goettingen.de\/index.php?rest_route=%2Fwp%2Fv2%2Fcomments&post=490"}],"version-history":[{"count":12,"href":"https:\/\/gsacra.uni-goettingen.de\/index.php?rest_route=\/wp\/v2\/pages\/490\/revisions"}],"predecessor-version":[{"id":1792,"href":"https:\/\/gsacra.uni-goettingen.de\/index.php?rest_route=\/wp\/v2\/pages\/490\/revisions\/1792"}],"up":[{"embeddable":true,"href":"https:\/\/gsacra.uni-goettingen.de\/index.php?rest_route=\/wp\/v2\/pages\/1730"}],"wp:attachment":[{"href":"https:\/\/gsacra.uni-goettingen.de\/index.php?rest_route=%2Fwp%2Fv2%2Fmedia&parent=490"}],"wp:term":[{"taxonomy":"post_tag","embeddable":true,"href":"https:\/\/gsacra.uni-goettingen.de\/index.php?rest_route=%2Fwp%2Fv2%2Ftags&post=490"}],"curies":[{"name":"wp","href":"https:\/\/api.w.org\/{rel}","templated":true}]}}