{"id":426,"date":"2015-04-28T08:59:12","date_gmt":"2015-04-28T08:59:12","guid":{"rendered":"http:\/\/gsacra.uni-goettingen.de\/?page_id=426"},"modified":"2015-07-14T12:53:59","modified_gmt":"2015-07-14T12:53:59","slug":"lambert-1137-1138","status":"publish","type":"page","link":"https:\/\/gsacra.uni-goettingen.de\/?page_id=426","title":{"rendered":"(Lambert). 1137\u20131138"},"content":{"rendered":"<p>Benediktinerm\u00f6nch in Ilsenburg, zum Abt gew\u00e4hlt vor 1136 Jan. 2 (Ilsenb. UB. I 18), 1137 reist er im Auftrage des Bischofs Rudolf v. Halberstadt nach Rom. W\u00e4hrend seines Aufenthaltes in Italien wird er zum Bischof von Brandenburg gew\u00e4hlt, auf der R\u00fcckreise von Rom aber am 18. Jan. 1138 von R\u00e4ubern \u00fcberfallen und erschlagen, ohne die bisch\u00f6fliche Weihe empfangen zu haben (Chronologia abbatum Ilsineburg., Leibniz, SS. rer. Brunsvic. III 686, Ann. Saxo MGH. SS. VI 776).<\/p>\n<hr \/>\n<p>In: <a href=\"http:\/\/personendatenbank.germania-sacra.de\/books\/findpage\/AFI,1929\/24\">Abb, Gustav \/Wentz, Gottfried, Das Bistum Brandenburg 1 (Germania Sacra A. F. Abt. 1), Berlin 1929, S. 24<\/a>.<\/p>\n<p><em>Detailinformationen im Digitalen Personenregister der Germania Sacra<\/em>: <span style=\"color: #333333;\">\u201eLambert\u201c (<a style=\"color: #333333;\" href=\"http:\/\/personendatenbank.germania-sacra.de\/index\/gsn\/002-02239-001\">GSN: 002-02239-001<\/a>), in: Germania Sacra, <a href=\"http:\/\/personendatenbank.germania-sacra.de\/index\/gsn\/002-02239-001\">http:\/\/personendatenbank.germania-sacra.de\/index\/gsn\/002-02239-001<\/a> (Abgerufen am 28.04.2015)<br \/>\n<\/span><\/p>\n<hr \/>\n<p><em>Beziehungen zu anderen Personen<\/em><\/p>\n<ul>\n<li>Rudolf von Halberstadt (Bischof) (GND: <a href=\"http:\/\/d-nb.info\/gnd\/140852085\">http:\/\/d-nb.info\/gnd\/140852085<\/a>)<\/li>\n<\/ul>\n<div class='kindleWidget kindleLight' ><img decoding=\"async\" src=\"https:\/\/gsacra.uni-goettingen.de\/wordpress-4.1-de_DE\/wordpress\/wp-content\/plugins\/send-to-kindle\/media\/white-15.png\" \/><span>Send to Kindle<\/span><\/div>","protected":false},"excerpt":{"rendered":"<p>Benediktinerm\u00f6nch in Ilsenburg, zum Abt gew\u00e4hlt vor 1136 Jan. 2 (Ilsenb. UB. I 18), 1137 reist er im Auftrage des Bischofs Rudolf v. Halberstadt nach Rom. W\u00e4hrend seines Aufenthaltes in Italien wird er zum Bischof von Brandenburg gew\u00e4hlt, auf der &hellip; <a href=\"https:\/\/gsacra.uni-goettingen.de\/?page_id=426\">Weiterlesen <span class=\"meta-nav\">&rarr;<\/span><\/a><\/p>\n","protected":false},"author":22,"featured_media":0,"parent":1730,"menu_order":13,"comment_status":"closed","ping_status":"closed","template":"","meta":{"footnotes":""},"tags":[516,120,38,64,436],"class_list":["post-426","page","type-page","status-publish","hentry","tag-abt","tag-benediktiner","tag-brandenburg","tag-elekt","tag-rudolf-von-halberstadt-bischof"],"_links":{"self":[{"href":"https:\/\/gsacra.uni-goettingen.de\/index.php?rest_route=\/wp\/v2\/pages\/426","targetHints":{"allow":["GET"]}}],"collection":[{"href":"https:\/\/gsacra.uni-goettingen.de\/index.php?rest_route=\/wp\/v2\/pages"}],"about":[{"href":"https:\/\/gsacra.uni-goettingen.de\/index.php?rest_route=\/wp\/v2\/types\/page"}],"author":[{"embeddable":true,"href":"https:\/\/gsacra.uni-goettingen.de\/index.php?rest_route=\/wp\/v2\/users\/22"}],"replies":[{"embeddable":true,"href":"https:\/\/gsacra.uni-goettingen.de\/index.php?rest_route=%2Fwp%2Fv2%2Fcomments&post=426"}],"version-history":[{"count":7,"href":"https:\/\/gsacra.uni-goettingen.de\/index.php?rest_route=\/wp\/v2\/pages\/426\/revisions"}],"predecessor-version":[{"id":2078,"href":"https:\/\/gsacra.uni-goettingen.de\/index.php?rest_route=\/wp\/v2\/pages\/426\/revisions\/2078"}],"up":[{"embeddable":true,"href":"https:\/\/gsacra.uni-goettingen.de\/index.php?rest_route=\/wp\/v2\/pages\/1730"}],"wp:attachment":[{"href":"https:\/\/gsacra.uni-goettingen.de\/index.php?rest_route=%2Fwp%2Fv2%2Fmedia&parent=426"}],"wp:term":[{"taxonomy":"post_tag","embeddable":true,"href":"https:\/\/gsacra.uni-goettingen.de\/index.php?rest_route=%2Fwp%2Fv2%2Ftags&post=426"}],"curies":[{"name":"wp","href":"https:\/\/api.w.org\/{rel}","templated":true}]}}