{"id":414,"date":"2015-04-28T09:41:54","date_gmt":"2015-04-28T09:41:54","guid":{"rendered":"http:\/\/gsacra.uni-goettingen.de\/?page_id=414"},"modified":"2015-07-17T09:28:13","modified_gmt":"2015-07-17T09:28:13","slug":"wigo-vor-1004-101719","status":"publish","type":"page","link":"https:\/\/gsacra.uni-goettingen.de\/?page_id=414","title":{"rendered":"Wigo. vor 1004-1017\/19"},"content":{"rendered":"<p>Geweiht von Erzbischof Giselher von Magdeburg vor 1004 Jan. 27 (Gesta archiepp. Magd. MGH. SS. XIV 392), zuerst erw\u00e4hnt 1004 Febr. 6 als Teilnehmer an der Weihe Bischof Wigberts von Merseburg (Thietmar VI 1). Im August desselben Jahres bei der Einweihung des Klosters<\/p>\n<p>[Seite 22]<\/p>\n<p>M\u00fcnchen-Nienburg a. S. zugegen (DH II. Nr. 83); assistiert der Weihe Erzbischofs Walthard von Magdeburg 1012 Juni 22 (Gesta archiepp. Magd. MGH. SS. XIV 395) und Erzbischofs Gero v. Magdeburg 1012 Sept. 22 (ebd. 397). Zum letztenmal erw\u00e4hnt 1017 Febr. 22 in Magdeburg am Hof Heinrichs II. (Thietmar VIII 52). Seinen Tod setzt Bre\u00dflau (Forsch. z. br. u. pr. Gesch. I 389) fr\u00fchestens auf 1019 Jan. 15, w\u00e4hrend Sello (ebd. V 517) wahrscheinlich macht, da\u00df W. im Juli l.017 schon tot war.<\/p>\n<p>In: <a href=\"http:\/\/personendatenbank.germania-sacra.de\/books\/findpage\/AFI,1929\/21\">Abb, Gustav \/Wentz, Gottfried, Das Bistum Brandenburg 1 (Germania Sacra A. F. Abt. 1), Berlin 1929, S. 21-22<\/a>.<\/p>\n<hr \/>\n<p>&nbsp;<\/p>\n<p>Detailinformationen im Digitalen Personenregister der Germania Sacra: \u201eWigo\u201c (GSN: 002-04263-001), in: Germania Sacra,\u00a0<a href=\"http:\/\/personendatenbank.germania-sacra.de\/index\/gsn\/002-04263-001\">http:\/\/personendatenbank.germania-sacra.de\/index\/gsn\/002-04263-001<\/a>\u00a0(Abgerufen: 28.04.2015)<\/p>\n<hr \/>\n<p><em>Beziehungen zu anderen Personen:<\/em><\/p>\n<ul>\n<li>Giselher von Magdeburg (Erzbischof) (GND:\u00a0<a href=\"http:\/\/d-nb.info\/gnd\/136659330\">http:\/\/d-nb.info\/gnd\/136659330<\/a>)<\/li>\n<li>Wigberts von Merseburg (Bischof) (GND:\u00a0<a href=\"http:\/\/d-nb.info\/gnd\/1020903228\">http:\/\/d-nb.info\/gnd\/1020903228<\/a>)<\/li>\n<li>Walthard von Magdeburg (Erzbischof) (GND:\u00a0<a href=\"http:\/\/d-nb.info\/gnd\/140080554\">http:\/\/d-nb.info\/gnd\/140080554<\/a>)<\/li>\n<li>Gero von Magdeburg (Erzbischof) (GND:\u00a0<a href=\"http:\/\/d-nb.info\/gnd\/136648819\">http:\/\/d-nb.info\/gnd\/136648819<\/a>)<\/li>\n<li>Heinrich II. (Kaiser) (GND:\u00a0<a href=\"http:\/\/d-nb.info\/gnd\/118548255\">http:\/\/d-nb.info\/gnd\/118548255<\/a>)<\/li>\n<\/ul>\n<p>&nbsp;<\/p>\n<div class='kindleWidget kindleLight' ><img decoding=\"async\" src=\"https:\/\/gsacra.uni-goettingen.de\/wordpress-4.1-de_DE\/wordpress\/wp-content\/plugins\/send-to-kindle\/media\/white-15.png\" \/><span>Send to Kindle<\/span><\/div>","protected":false},"excerpt":{"rendered":"<p>Geweiht von Erzbischof Giselher von Magdeburg vor 1004 Jan. 27 (Gesta archiepp. Magd. MGH. SS. XIV 392), zuerst erw\u00e4hnt 1004 Febr. 6 als Teilnehmer an der Weihe Bischof Wigberts von Merseburg (Thietmar VI 1). Im August desselben Jahres bei der &hellip; <a href=\"https:\/\/gsacra.uni-goettingen.de\/?page_id=414\">Weiterlesen <span class=\"meta-nav\">&rarr;<\/span><\/a><\/p>\n","protected":false},"author":18,"featured_media":0,"parent":1730,"menu_order":4,"comment_status":"closed","ping_status":"closed","template":"","meta":{"footnotes":""},"tags":[720,716,154],"class_list":["post-414","page","type-page","status-publish","hentry","tag-bischof-merseburg","tag-erzbischof-magdeburg","tag-heinrich-ii"],"_links":{"self":[{"href":"https:\/\/gsacra.uni-goettingen.de\/index.php?rest_route=\/wp\/v2\/pages\/414","targetHints":{"allow":["GET"]}}],"collection":[{"href":"https:\/\/gsacra.uni-goettingen.de\/index.php?rest_route=\/wp\/v2\/pages"}],"about":[{"href":"https:\/\/gsacra.uni-goettingen.de\/index.php?rest_route=\/wp\/v2\/types\/page"}],"author":[{"embeddable":true,"href":"https:\/\/gsacra.uni-goettingen.de\/index.php?rest_route=\/wp\/v2\/users\/18"}],"replies":[{"embeddable":true,"href":"https:\/\/gsacra.uni-goettingen.de\/index.php?rest_route=%2Fwp%2Fv2%2Fcomments&post=414"}],"version-history":[{"count":5,"href":"https:\/\/gsacra.uni-goettingen.de\/index.php?rest_route=\/wp\/v2\/pages\/414\/revisions"}],"predecessor-version":[{"id":1116,"href":"https:\/\/gsacra.uni-goettingen.de\/index.php?rest_route=\/wp\/v2\/pages\/414\/revisions\/1116"}],"up":[{"embeddable":true,"href":"https:\/\/gsacra.uni-goettingen.de\/index.php?rest_route=\/wp\/v2\/pages\/1730"}],"wp:attachment":[{"href":"https:\/\/gsacra.uni-goettingen.de\/index.php?rest_route=%2Fwp%2Fv2%2Fmedia&parent=414"}],"wp:term":[{"taxonomy":"post_tag","embeddable":true,"href":"https:\/\/gsacra.uni-goettingen.de\/index.php?rest_route=%2Fwp%2Fv2%2Ftags&post=414"}],"curies":[{"name":"wp","href":"https:\/\/api.w.org\/{rel}","templated":true}]}}