{"id":1766,"date":"2015-07-07T09:38:55","date_gmt":"2015-07-07T09:38:55","guid":{"rendered":"http:\/\/gsacra.uni-goettingen.de\/?page_id=1766"},"modified":"2015-07-15T14:10:42","modified_gmt":"2015-07-15T14:10:42","slug":"projektbeschreibung","status":"publish","type":"page","link":"https:\/\/gsacra.uni-goettingen.de\/","title":{"rendered":"Projektbeschreibung"},"content":{"rendered":"<p>Diese Internetpr\u00e4senz zu den Brandenburger Bisch\u00f6fen wurde im Rahmen des Seminars \u201eDigitale Werkzeuge f\u00fcr Historiker\u201c, am Seminar f\u00fcr Mittlere und Neuere Geschichte, Georg-August-Universit\u00e4t G\u00f6ttingen, erstellt. Wissenschaftliche Grundlage ist der 1929 erschienene Germania-Sacra-Band zum Bistum Brandenburg: <a href=\"http:\/\/rep.adw-goe.de\/handle\/11858\/00-001S-0000-0022-D47D-E\" target=\"_blank\">Gustav Abb\/Gottfried Wentz, Das Bistum Brandenburg 1 (Germania Sacra A. F. Abt. 1: Die Bist\u00fcmer der Kirchenprovinz Magdeburg), Berlin 1929 (ND Berlin 1963)<\/a>.<\/p>\n<p><a href=\"http:\/\/gsacra.uni-goettingen.de\/wordpress-4.1-de_DE\/wordpress\/wp-content\/uploads\/GSBrandenburgerBischoefeWordCloud_2.png\"><img loading=\"lazy\" decoding=\"async\" class=\"wp-image-1910 size-large\" src=\"http:\/\/gsacra.uni-goettingen.de\/wordpress-4.1-de_DE\/wordpress\/wp-content\/uploads\/GSBrandenburgerBischoefeWordCloud_2-1024x426.png\" alt=\"\" width=\"640\" height=\"266\" srcset=\"https:\/\/gsacra.uni-goettingen.de\/wordpress-4.1-de_DE\/wordpress\/wp-content\/uploads\/GSBrandenburgerBischoefeWordCloud_2-1024x426.png 1024w, https:\/\/gsacra.uni-goettingen.de\/wordpress-4.1-de_DE\/wordpress\/wp-content\/uploads\/GSBrandenburgerBischoefeWordCloud_2-300x125.png 300w, https:\/\/gsacra.uni-goettingen.de\/wordpress-4.1-de_DE\/wordpress\/wp-content\/uploads\/GSBrandenburgerBischoefeWordCloud_2-600x250.png 600w, https:\/\/gsacra.uni-goettingen.de\/wordpress-4.1-de_DE\/wordpress\/wp-content\/uploads\/GSBrandenburgerBischoefeWordCloud_2.png 1525w\" sizes=\"auto, (max-width: 640px) 100vw, 640px\" \/><\/a><\/p>\n<p>(Sinclair, St\u00e9fan and Geoffrey Rockwell. \u201cCirrus.\u201d Voyant. 12 Jul. 2015. http:\/\/voyant-tools.org\/tool\/Cirrus\/)<\/p>\n<p>Die digitalisierten Originaltexte des Germania-Sacra-Bandes zu den 42 Bisch\u00f6fen und 10 Elekten des Bistums Brandenburg bilden den Kern des Angebots, sie k\u00f6nnen \u00fcber die <a href=\"http:\/\/gsacra.uni-goettingen.de\/?page_id=1730\">Chronologische \u00dcbersicht<\/a> aufgerufen werden.<br \/>\nAm Originalmaterial konnten die Studierenden verschiedene frei verf\u00fcgbare digitale Werkzeuge ausprobieren und die wissenschaftlichen Informationen des Germania-Sacra-Bandes auswerten und um folgende interaktive Elemente erg\u00e4nzen: Online-Bibliographie, Timeline, Interaktive Karten, WordCloud, Diagrammdarstellungen, Netzwerkvisualisierung. Auch die Konzeption und der Aufbau der Internetpr\u00e4senz mit der Blogsoftware WordPress erfolgte in einem gemeinschaftlichen Arbeitsprozess der Studierenden.<\/p>\n<hr \/>\n<p><em>Weiterf\u00fchrende Informationen zum Bistum Brandenburg auf der Homepage der Germania Sacra:<\/em><\/p>\n<ul>\n<li>Digitale Ausgabe des Bandes:<br \/>\n<a href=\"http:\/\/personendatenbank.germania-sacra.de\/books\/view\/1\">Gustav Abb\/Gottfried Wentz, Das Bistum Brandenburg 1 (Germania Sacra A. F. Abt. 1: Die Bist\u00fcmer der Kirchenprovinz Magdeburg), Berlin 1929 (ND Berlin 1963).<\/a><\/li>\n<li>Volltextsuche im Germania-Sacra-Band zum Bistum Brandenburg:<br \/>\n<a href=\"http:\/\/personendatenbank.germania-sacra.de\/books\/search\/book:1\">http:\/\/personendatenbank.germania-sacra.de\/books\/search\/book:1<\/a><\/li>\n<li>Eintr\u00e4ge zum Bistum Brandenburg im Digitalen Personenregister der Germania Sacra:<br \/>\n<a class=\"link-extern\" href=\"http:\/\/personendatenbank.germania-sacra.de\/index\/browse\/search:extended\/conditions:0%5Bfield%5D=fundstelle.bandnummer&amp;0%5Boperator%5D=contains&amp;0%5Bvalue%5D=AF+I,+1929\" target=\"_blank\">http:\/\/personendatenbank.germania-sacra.de\/<\/a><\/li>\n<\/ul>\n<div class='kindleWidget kindleLight' ><img decoding=\"async\" src=\"https:\/\/gsacra.uni-goettingen.de\/wordpress-4.1-de_DE\/wordpress\/wp-content\/plugins\/send-to-kindle\/media\/white-15.png\" \/><span>Send to Kindle<\/span><\/div>","protected":false},"excerpt":{"rendered":"<p>Diese Internetpr\u00e4senz zu den Brandenburger Bisch\u00f6fen wurde im Rahmen des Seminars \u201eDigitale Werkzeuge f\u00fcr Historiker\u201c, am Seminar f\u00fcr Mittlere und Neuere Geschichte, Georg-August-Universit\u00e4t G\u00f6ttingen, erstellt. Wissenschaftliche Grundlage ist der 1929 erschienene Germania-Sacra-Band zum Bistum Brandenburg: Gustav Abb\/Gottfried Wentz, Das Bistum &hellip; <a href=\"https:\/\/gsacra.uni-goettingen.de\/\">Weiterlesen <span class=\"meta-nav\">&rarr;<\/span><\/a><\/p>\n","protected":false},"author":32,"featured_media":0,"parent":0,"menu_order":1,"comment_status":"closed","ping_status":"closed","template":"","meta":{"footnotes":""},"tags":[],"class_list":["post-1766","page","type-page","status-publish","hentry"],"_links":{"self":[{"href":"https:\/\/gsacra.uni-goettingen.de\/index.php?rest_route=\/wp\/v2\/pages\/1766","targetHints":{"allow":["GET"]}}],"collection":[{"href":"https:\/\/gsacra.uni-goettingen.de\/index.php?rest_route=\/wp\/v2\/pages"}],"about":[{"href":"https:\/\/gsacra.uni-goettingen.de\/index.php?rest_route=\/wp\/v2\/types\/page"}],"author":[{"embeddable":true,"href":"https:\/\/gsacra.uni-goettingen.de\/index.php?rest_route=\/wp\/v2\/users\/32"}],"replies":[{"embeddable":true,"href":"https:\/\/gsacra.uni-goettingen.de\/index.php?rest_route=%2Fwp%2Fv2%2Fcomments&post=1766"}],"version-history":[{"count":19,"href":"https:\/\/gsacra.uni-goettingen.de\/index.php?rest_route=\/wp\/v2\/pages\/1766\/revisions"}],"predecessor-version":[{"id":2134,"href":"https:\/\/gsacra.uni-goettingen.de\/index.php?rest_route=\/wp\/v2\/pages\/1766\/revisions\/2134"}],"wp:attachment":[{"href":"https:\/\/gsacra.uni-goettingen.de\/index.php?rest_route=%2Fwp%2Fv2%2Fmedia&parent=1766"}],"wp:term":[{"taxonomy":"post_tag","embeddable":true,"href":"https:\/\/gsacra.uni-goettingen.de\/index.php?rest_route=%2Fwp%2Fv2%2Ftags&post=1766"}],"curies":[{"name":"wp","href":"https:\/\/api.w.org\/{rel}","templated":true}]}}